{"id":842,"date":"2014-09-26T01:19:24","date_gmt":"2014-09-25T23:19:24","guid":{"rendered":"http:\/\/demo.cmssuperheroes.com\/Wordpress\/wp-nuvo\/?page_id=842"},"modified":"2024-02-16T16:49:37","modified_gmt":"2024-02-16T15:49:37","slug":"nos-vignerons-partenaires","status":"publish","type":"page","link":"https:\/\/www.fusion-traiteur.ch\/new\/","title":{"rendered":"Accueil"},"content":{"rendered":"<div class=\"wpb-content-wrapper\"><p>[vc_row full_width=&#8221;false&#8221; el_class=&#8221;title-center title-large&#8221; css=&#8221;.vc_custom_1418656999755{margin-bottom: 20px !important;padding-top: 80px !important;padding-right: 50px !important;padding-bottom: 50px !important;padding-left: 50px !important;background-color: #ffffff !important;}&#8221; parallax_speed=&#8221;0.1&#8243; bg_video_transparent=&#8221;0&#8243;][vc_column][vc_custom_heading text=&#8221;et si on organisait une petite f\u00eate ?&#8221; font_container=&#8221;tag:h1|text_align:center|color:%23222222&#8243; use_theme_fonts=&#8221;yes&#8221; custom_font_family=&#8221;ft-her&#8221; css=&#8221;.vc_custom_1549549773751{margin-bottom: 20px !important;}&#8221;][\/vc_column][\/vc_row][vc_row full_width=&#8221;false&#8221; el_class=&#8221;title-center title-large&#8221; css=&#8221;.vc_custom_1418658480896{margin-bottom: 20px !important;padding-top: 17px !important;padding-bottom: 17px !important;background-color: #ffffff !important;}&#8221; parallax_speed=&#8221;0.1&#8243; bg_video_transparent=&#8221;0&#8243;][vc_column][rev_slider_vc alias=&#8221;slider2&#8243;][\/vc_column][\/vc_row][vc_row full_width=&#8221;false&#8221; css=&#8221;.vc_custom_1418660026414{margin-bottom: 20px !important;padding-top: -25px !important;background-color: #ffffff !important;}&#8221; parallax_speed=&#8221;0.1&#8243; bg_video_transparent=&#8221;0&#8243;][vc_column css=&#8221;.vc_custom_1484734669643{padding-right: 11px !important;padding-left: 11px !important;}&#8221;]<div id=\"cs_carousel_post1777207496_169ee08c806bc8\" class=\"cs-carousel-post cs-carousel-style-3  \">\r\n        <div class=\"cs-content\">\r\n        <div class=\"cs-carousel-list\">\r\n            <div id=\"cs_carousel_post_1777207496_169ee08c806bc8\" data-moveslides=\"1\" data-auto=\"false\" data-prevselector=\"#cs_carousel_post1777207496_169ee08c806bc8 .prev\" data-nextselector=\"#cs_carousel_post1777207496_169ee08c806bc8 .next\" data-onsliderload=\"if(false){ sameHeight();}\" data-touchenabled=\"1\" data-controls=\"true\" data-pager=\"false\" data-pause=\"4000\" data-infiniteloop=\"true\" data-adaptiveheight=\"true\" data-speed=\"500\" data-autohover=\"true\" data-slidemargin=\"8\" data-maxslides=\"4\" data-minslides=\"1\" data-slidewidth=\"290\" data-slideselector=\"\" data-easing=\"swing\" data-usecss=\"\" data-resize=\"1\" class=\"slider jm-bxslider\">\r\n                            <\/div>\r\n        <\/div>\r\n            <\/div>\r\n<\/div>[vc_empty_space height=&#8221;3px&#8221;][\/vc_column][\/vc_row][vc_row full_width=&#8221;false&#8221; css=&#8221;.vc_custom_1418660148980{padding-top: 0px !important;padding-bottom: 20px !important;background-color: #ffffff !important;}&#8221; parallax_speed=&#8221;0.8&#8243; bg_video_transparent=&#8221;0&#8243; dt_id=&#8221;about&#8221;][vc_column width=&#8221;1\/2&#8243;][vc_single_image image=&#8221;1665&#8243; img_size=&#8221;657 \u00d7 295&#8243; alignment=&#8221;center&#8221;][\/vc_column][vc_column width=&#8221;1\/2&#8243;][vc_column_text]Fusion est un service traiteur pas comme les autres qui allie les saveurs des quatre coins du monde .<br \/>\nUne pr\u00e9sentation originale et attractive autant pour les yeux que pour les papilles compl\u00e9tera la qualit\u00e9 de votre r\u00e9ception[\/vc_column_text][vc_empty_space]\t<div class=\"cms-button-wrapper\">\r\n\t\t<a href=\"https:\/\/www.fusion-traiteur.ch\/new\/formules\/\" class=\"btn btn btn-primary size-default\">DECOUVREZ NOTRE UNIVERS<\/a>\r\n\t<\/div>\r\n[\/vc_column][\/vc_row][vc_row full_width=&#8221;false&#8221; css=&#8221;.vc_custom_1418660148980{padding-top: 0px !important;padding-bottom: 20px !important;background-color: #ffffff !important;}&#8221; parallax_speed=&#8221;0.8&#8243; bg_video_transparent=&#8221;0&#8243; dt_id=&#8221;about&#8221;][vc_column width=&#8221;1\/4&#8243;][vc_single_image image=&#8221;2326&#8243; img_size=&#8221;medium&#8221;][\/vc_column][vc_column width=&#8221;1\/4&#8243;][vc_single_image image=&#8221;2329&#8243; img_size=&#8221;medium&#8221; alignment=&#8221;center&#8221;][\/vc_column][vc_column width=&#8221;1\/4&#8243;][vc_single_image image=&#8221;2332&#8243; img_size=&#8221;medium&#8221; alignment=&#8221;center&#8221;][\/vc_column][vc_column width=&#8221;1\/4&#8243;][vc_single_image image=&#8221;2327&#8243; img_size=&#8221;medium&#8221; alignment=&#8221;right&#8221;][\/vc_column][\/vc_row][vc_row parallax=&#8221;content-moving&#8221; parallax_image=&#8221;2324&#8243; parallax_speed_bg=&#8221;2&#8243; el_class=&#8221;row-overlay&#8221; type=&#8221;ww-custom&#8221; background_image=&#8221;&#8221; bg_position=&#8221;top&#8221; bg_repeat=&#8221;no-repeat&#8221; padding_top=&#8221;200&#8243; padding_bottom=&#8221;200&#8243; margin_top=&#8221;0&#8243; margin_bottom_row=&#8221;0&#8243; enable_parallax=&#8221;false&#8221; parallax_speed=&#8221;0.6&#8243; animation=&#8221;bottom-to-top&#8221; css=&#8221;.vc_custom_1676989505678{margin-top: 20px !important;margin-bottom: 20px !important;padding-top: 150px !important;padding-right: 0px !important;padding-bottom: 150px !important;padding-left: 0px !important;background-color: rgba(0,0,0,0.3) !important;*background-color: rgb(0,0,0) !important;}&#8221; bg_video_transparent=&#8221;0.3&#8243; row_responsive_small=&#8221;1&#8243; row_responsive_extra_small=&#8221;1&#8243; bg_video_color=&#8221;#000000&#8243;][vc_column text_align=&#8221;center&#8221; font_color=&#8221;#ffffff&#8221; el_class=&#8221;text-center&#8221;][vc_column_text]<\/p>\n<div style=\"text-align: center; color: #fff; margin-bottom: 50px; font-size: 25px; text-transform: uppercase; font-family: OpenSans-Light; letter-spacing: 8px;\">\u00c9veil des Sens et Gourmandise<br \/>\nsont les ma\u00eetres mots de notre cuisine<\/div>\n<p>[\/vc_column_text][vc_empty_space height=&#8221;72px&#8221;][\/vc_column][\/vc_row][vc_row][vc_column width=&#8221;1\/5&#8243;][\/vc_column][vc_column width=&#8221;1\/5&#8243;]<div id=\"cs_carousel_post1777207496_169ee08c807c56\" class=\"cs-carousel-post cs-carousel-style-3   sameheight\">\r\n        <div class=\"cs-content\">\r\n        <div class=\"cs-carousel-list\">\r\n            <div id=\"cs_carousel_post_1777207496_169ee08c807c56\" data-moveslides=\"1\" data-auto=\"false\" data-prevselector=\"#cs_carousel_post1777207496_169ee08c807c56 .prev\" data-nextselector=\"#cs_carousel_post1777207496_169ee08c807c56 .next\" data-onsliderload=\"if(true){ sameHeight();}\" data-touchenabled=\"1\" data-controls=\"true\" data-pager=\"false\" data-pause=\"4000\" data-infiniteloop=\"true\" data-adaptiveheight=\"true\" data-speed=\"500\" data-autohover=\"true\" data-slidemargin=\"20\" data-maxslides=\"4\" data-minslides=\"1\" data-slidewidth=\"100%\" data-slideselector=\"\" data-easing=\"swing\" data-usecss=\"\" data-resize=\"1\" class=\"slider jm-bxslider\">\r\n                <div class=\"cs-carousel-item-wrap\">                    <div class=\"cs-carousel-item\" style=\"margin-bottom:20px;\">\r\n                        <article id=\"post-324\" class=\"post-324 post type-post status-publish format-standard has-post-thumbnail hentry category-services\">\r\n                            <div class=\"cs-carousel-container\">\r\n                                <div class=\"cs-carousel-header\">\r\n                                    <img fetchpriority=\"high\" decoding=\"async\" width=\"199\" height=\"300\" src=\"https:\/\/www.fusion-traiteur.ch\/new\/wp-content\/uploads\/2014\/09\/n1_new-199x300.jpg\" class=\"attachment-medium\" alt=\"\" title=\"n1_new\" \/>                                    <div class=\"cs-carousel-header-feature\">\r\n                                                                                    <h3>Nos prestations compl\u00e9mentaires<\/h3>\r\n                                                                                                                    \t                                    \t<span class=\"cs-category\">\r\n                                    \t\t<a href=\"https:\/\/www.fusion-traiteur.ch\/new\/category\/services\/\" title=\"View all posts in Services\">Services<\/a>                                    \t<\/span>\r\n                                    \t                                    <\/div>\r\n                                                                            <div class=\"cs-carousel-post-icon\">\r\n                                            <span><a title=\"Nos prestations compl\u00e9mentaires\" href=\"https:\/\/www.fusion-traiteur.ch\/new\/2023\/01\/01\/services\/\" ><i class=\"fa fa-thumbs-up\"><\/i><\/a><span>\r\n                                        <\/div>\r\n                                                                    <\/div>\r\n                                <div class=\"cs-carousel-body\">\r\n                                                                            <div class=\"cs-carousel-post-icon\">\r\n                                            <span><a title=\"Nos prestations compl\u00e9mentaires\" href=\"https:\/\/www.fusion-traiteur.ch\/new\/2023\/01\/01\/services\/\" ><i class=\"fa fa-thumbs-up\"><\/i><\/a><span>\r\n                                        <\/div>\r\n                                                                        <div class=\"cs-carousel-inner\">\r\n                                        <div class=\"cs-carousel-post-meta\">\r\n                                            <div class=\"cs-carousel-post-title\">\r\n                                                <h3><a title=\"Nos prestations compl\u00e9mentaires\" href=\"https:\/\/www.fusion-traiteur.ch\/new\/2023\/01\/01\/services\/\" ><\/a><\/h2>\r\n                                            <\/div>\r\n                                        <\/div>\r\n                                                                                <div class=\"cs-carousel-post-description\">\r\n                                                                                            <p>Nous mettons diff\u00e9rents services \u00e0 votre disposition<\/p>\r\n                                                                                    <\/div>\r\n                                                                            <\/div>\r\n                                <\/div>\r\n                            <\/div>\r\n                        <\/article>\r\n                    <\/div>\r\n                <\/div>            <\/div>\r\n        <\/div>\r\n            <\/div>\r\n<\/div>[\/vc_column][vc_column width=&#8221;1\/5&#8243;]<div id=\"cs_carousel_post1777207496_169ee08c80936c\" class=\"cs-carousel-post cs-carousel-style-3   sameheight\">\r\n        <div class=\"cs-content\">\r\n        <div class=\"cs-carousel-list\">\r\n            <div id=\"cs_carousel_post_1777207496_169ee08c80936c\" data-moveslides=\"1\" data-auto=\"false\" data-prevselector=\"#cs_carousel_post1777207496_169ee08c80936c .prev\" data-nextselector=\"#cs_carousel_post1777207496_169ee08c80936c .next\" data-onsliderload=\"if(true){ sameHeight();}\" data-touchenabled=\"1\" data-controls=\"true\" data-pager=\"false\" data-pause=\"4000\" data-infiniteloop=\"true\" data-adaptiveheight=\"true\" data-speed=\"500\" data-autohover=\"true\" data-slidemargin=\"20\" data-maxslides=\"4\" data-minslides=\"1\" data-slidewidth=\"100%\" data-slideselector=\"\" data-easing=\"swing\" data-usecss=\"\" data-resize=\"1\" class=\"slider jm-bxslider\">\r\n                <div class=\"cs-carousel-item-wrap\">                    <div class=\"cs-carousel-item\" style=\"margin-bottom:20px;\">\r\n                        <article id=\"post-2110\" class=\"post-2110 post type-post status-publish format-standard has-post-thumbnail hentry category-reception\">\r\n                            <div class=\"cs-carousel-container\">\r\n                                <div class=\"cs-carousel-header\">\r\n                                    <img decoding=\"async\" width=\"200\" height=\"300\" src=\"https:\/\/www.fusion-traiteur.ch\/new\/wp-content\/uploads\/2019\/01\/salle_mariage2-200x300.jpg\" class=\"attachment-medium\" alt=\"\" title=\"salle_mariage2\" \/>                                    <div class=\"cs-carousel-header-feature\">\r\n                                                                                    <h3>Un lieu d&#8217;exception<\/h3>\r\n                                                                                                                    \t                                    \t<span class=\"cs-category\">\r\n                                    \t\t<a href=\"https:\/\/www.fusion-traiteur.ch\/new\/category\/reception\/\" title=\"View all posts in R\u00e9ception\">R\u00e9ception<\/a>                                    \t<\/span>\r\n                                    \t                                    <\/div>\r\n                                                                            <div class=\"cs-carousel-post-icon\">\r\n                                            <span><a title=\"Un lieu d&#8217;exception\" href=\"https:\/\/www.fusion-traiteur.ch\/new\/2023\/01\/01\/un-lieu-dexception-pour-vos-receptions\/\" ><i class=\"fa fa-thumbs-up\"><\/i><\/a><span>\r\n                                        <\/div>\r\n                                                                    <\/div>\r\n                                <div class=\"cs-carousel-body\">\r\n                                                                            <div class=\"cs-carousel-post-icon\">\r\n                                            <span><a title=\"Un lieu d&#8217;exception\" href=\"https:\/\/www.fusion-traiteur.ch\/new\/2023\/01\/01\/un-lieu-dexception-pour-vos-receptions\/\" ><i class=\"fa fa-thumbs-up\"><\/i><\/a><span>\r\n                                        <\/div>\r\n                                                                        <div class=\"cs-carousel-inner\">\r\n                                        <div class=\"cs-carousel-post-meta\">\r\n                                            <div class=\"cs-carousel-post-title\">\r\n                                                <h3><a title=\"Un lieu d&#8217;exception\" href=\"https:\/\/www.fusion-traiteur.ch\/new\/2023\/01\/01\/un-lieu-dexception-pour-vos-receptions\/\" ><\/a><\/h2>\r\n                                            <\/div>\r\n                                        <\/div>\r\n                                                                                <div class=\"cs-carousel-post-description\">\r\n                                                                                            <p>Salle de banquet Dents-du-Midi<\/p>\r\n                                                                                    <\/div>\r\n                                                                            <\/div>\r\n                                <\/div>\r\n                            <\/div>\r\n                        <\/article>\r\n                    <\/div>\r\n                <\/div>            <\/div>\r\n        <\/div>\r\n            <\/div>\r\n<\/div>[\/vc_column][vc_column width=&#8221;1\/5&#8243;]<div id=\"cs_carousel_post1777207496_169ee08c80aa98\" class=\"cs-carousel-post cs-carousel-style-3   sameheight\">\r\n        <div class=\"cs-content\">\r\n        <div class=\"cs-carousel-list\">\r\n            <div id=\"cs_carousel_post_1777207496_169ee08c80aa98\" data-moveslides=\"1\" data-auto=\"false\" data-prevselector=\"#cs_carousel_post1777207496_169ee08c80aa98 .prev\" data-nextselector=\"#cs_carousel_post1777207496_169ee08c80aa98 .next\" data-onsliderload=\"if(true){ sameHeight();}\" data-touchenabled=\"1\" data-controls=\"true\" data-pager=\"false\" data-pause=\"4000\" data-infiniteloop=\"true\" data-adaptiveheight=\"true\" data-speed=\"500\" data-autohover=\"true\" data-slidemargin=\"20\" data-maxslides=\"4\" data-minslides=\"1\" data-slidewidth=\"100%\" data-slideselector=\"\" data-easing=\"swing\" data-usecss=\"\" data-resize=\"1\" class=\"slider jm-bxslider\">\r\n                <div class=\"cs-carousel-item-wrap\">                    <div class=\"cs-carousel-item\" style=\"margin-bottom:20px;\">\r\n                        <article id=\"post-2112\" class=\"post-2112 post type-post status-publish format-standard has-post-thumbnail hentry category-vignerons\">\r\n                            <div class=\"cs-carousel-container\">\r\n                                <div class=\"cs-carousel-header\">\r\n                                    <img decoding=\"async\" width=\"200\" height=\"300\" src=\"https:\/\/www.fusion-traiteur.ch\/new\/wp-content\/uploads\/2019\/01\/visuel_vigne-200x300.jpg\" class=\"attachment-medium\" alt=\"\" title=\"visuel_vigne\" \/>                                    <div class=\"cs-carousel-header-feature\">\r\n                                                                                    <h3>Nos vignerons partenaires<\/h3>\r\n                                                                                                                    \t                                    \t<span class=\"cs-category\">\r\n                                    \t\t<a href=\"https:\/\/www.fusion-traiteur.ch\/new\/category\/vignerons\/\" title=\"View all posts in VIgnerons\">VIgnerons<\/a>                                    \t<\/span>\r\n                                    \t                                    <\/div>\r\n                                                                            <div class=\"cs-carousel-post-icon\">\r\n                                            <span><a title=\"Nos vignerons partenaires\" href=\"https:\/\/www.fusion-traiteur.ch\/new\/2023\/01\/01\/nos-vignerons-partenaires\/\" ><i class=\"fa fa-thumbs-up\"><\/i><\/a><span>\r\n                                        <\/div>\r\n                                                                    <\/div>\r\n                                <div class=\"cs-carousel-body\">\r\n                                                                            <div class=\"cs-carousel-post-icon\">\r\n                                            <span><a title=\"Nos vignerons partenaires\" href=\"https:\/\/www.fusion-traiteur.ch\/new\/2023\/01\/01\/nos-vignerons-partenaires\/\" ><i class=\"fa fa-thumbs-up\"><\/i><\/a><span>\r\n                                        <\/div>\r\n                                                                        <div class=\"cs-carousel-inner\">\r\n                                        <div class=\"cs-carousel-post-meta\">\r\n                                            <div class=\"cs-carousel-post-title\">\r\n                                                <h3><a title=\"Nos vignerons partenaires\" href=\"https:\/\/www.fusion-traiteur.ch\/new\/2023\/01\/01\/nos-vignerons-partenaires\/\" ><\/a><\/h2>\r\n                                            <\/div>\r\n                                        <\/div>\r\n                                                                                <div class=\"cs-carousel-post-description\">\r\n                                                                                            <p>Des vignerons passionn\u00e9s.<\/p>\r\n                                                                                    <\/div>\r\n                                                                            <\/div>\r\n                                <\/div>\r\n                            <\/div>\r\n                        <\/article>\r\n                    <\/div>\r\n                <\/div>            <\/div>\r\n        <\/div>\r\n            <\/div>\r\n<\/div>[\/vc_column][vc_column width=&#8221;1\/5&#8243;][\/vc_column][\/vc_row][vc_row][vc_column][vc_empty_space][\/vc_column][\/vc_row]<\/p>\n<\/div>","protected":false},"excerpt":{"rendered":"<p>[vc_row full_width=&#8221;false&#8221; el_class=&#8221;title-center title-large&#8221; css=&#8221;.vc_custom_1418656999755{margin-bottom: 20px !important;padding-top: 80px !important;padding-right: 50px !important;padding-bottom: 50px !important;padding-left: 50px !important;background-color: #ffffff !important;}&#8221; parallax_speed=&#8221;0.1&#8243; bg_video_transparent=&#8221;0&#8243;][vc_column][vc_custom_heading text=&#8221;et si on organisait une petite f\u00eate ?&#8221; font_container=&#8221;tag:h1|text_align:center|color:%23222222&#8243; use_theme_fonts=&#8221;yes&#8221; custom_font_family=&#8221;ft-her&#8221; css=&#8221;.vc_custom_1549549773751{margin-bottom: 20px !important;}&#8221;][\/vc_column][\/vc_row][vc_row full_width=&#8221;false&#8221; el_class=&#8221;title-center title-large&#8221; css=&#8221;.vc_custom_1418658480896{margin-bottom: 20px !important;padding-top: 17px !important;padding-bottom: 17px !important;background-color: #ffffff !important;}&#8221; parallax_speed=&#8221;0.1&#8243; bg_video_transparent=&#8221;0&#8243;][vc_column][rev_slider_vc alias=&#8221;slider2&#8243;][\/vc_column][\/vc_row][vc_row full_width=&#8221;false&#8221; css=&#8221;.vc_custom_1418660026414{margin-bottom: 20px !important;padding-top: -25px !important;background-color: #ffffff [&hellip;]<\/p>\n","protected":false},"author":2,"featured_media":0,"parent":0,"menu_order":0,"comment_status":"closed","ping_status":"open","template":"","meta":{"footnotes":""},"class_list":["post-842","page","type-page","status-publish","hentry"],"_links":{"self":[{"href":"https:\/\/www.fusion-traiteur.ch\/new\/wp-json\/wp\/v2\/pages\/842","targetHints":{"allow":["GET"]}}],"collection":[{"href":"https:\/\/www.fusion-traiteur.ch\/new\/wp-json\/wp\/v2\/pages"}],"about":[{"href":"https:\/\/www.fusion-traiteur.ch\/new\/wp-json\/wp\/v2\/types\/page"}],"author":[{"embeddable":true,"href":"https:\/\/www.fusion-traiteur.ch\/new\/wp-json\/wp\/v2\/users\/2"}],"replies":[{"embeddable":true,"href":"https:\/\/www.fusion-traiteur.ch\/new\/wp-json\/wp\/v2\/comments?post=842"}],"version-history":[{"count":69,"href":"https:\/\/www.fusion-traiteur.ch\/new\/wp-json\/wp\/v2\/pages\/842\/revisions"}],"predecessor-version":[{"id":2473,"href":"https:\/\/www.fusion-traiteur.ch\/new\/wp-json\/wp\/v2\/pages\/842\/revisions\/2473"}],"wp:attachment":[{"href":"https:\/\/www.fusion-traiteur.ch\/new\/wp-json\/wp\/v2\/media?parent=842"}],"curies":[{"name":"wp","href":"https:\/\/api.w.org\/{rel}","templated":true}]}}