{"id":59,"date":"2012-10-05T16:27:04","date_gmt":"2012-10-05T14:27:04","guid":{"rendered":"http:\/\/www.fusion-traiteur.ch\/wp\/?page_id=59"},"modified":"2025-06-11T10:07:25","modified_gmt":"2025-06-11T08:07:25","slug":"contact","status":"publish","type":"page","link":"https:\/\/www.fusion-traiteur.ch\/new\/contact\/","title":{"rendered":"Contact"},"content":{"rendered":"<div class=\"wpb-content-wrapper\"><p>[vc_row][vc_column width=&#8221;1\/3&#8243;]\n<div class=\"wpcf7 no-js\" id=\"wpcf7-f2498-o1\" lang=\"fr-FR\" dir=\"ltr\" data-wpcf7-id=\"2498\">\n<div class=\"screen-reader-response\"><p role=\"status\" aria-live=\"polite\" aria-atomic=\"true\"><\/p> <ul><\/ul><\/div>\n<form action=\"\/new\/wp-json\/wp\/v2\/pages\/59#wpcf7-f2498-o1\" method=\"post\" class=\"wpcf7-form init\" aria-label=\"Formulaire de contact\" novalidate=\"novalidate\" data-status=\"init\">\n<fieldset class=\"hidden-fields-container\"><input type=\"hidden\" name=\"_wpcf7\" value=\"2498\" \/><input type=\"hidden\" name=\"_wpcf7_version\" value=\"6.1.5\" \/><input type=\"hidden\" name=\"_wpcf7_locale\" value=\"fr_FR\" \/><input type=\"hidden\" name=\"_wpcf7_unit_tag\" value=\"wpcf7-f2498-o1\" \/><input type=\"hidden\" name=\"_wpcf7_container_post\" value=\"0\" \/><input type=\"hidden\" name=\"_wpcf7_posted_data_hash\" value=\"\" \/>\n<\/fieldset>\n<p>Remplissez le formulaire ci-dessous pour une demande de renseignement.<br \/>\n(* indique un champ requis)\n<\/p>\n<p><label> Votre nom*<br \/>\n<span class=\"wpcf7-form-control-wrap\" data-name=\"your-name\"><input size=\"40\" maxlength=\"400\" class=\"wpcf7-form-control wpcf7-text wpcf7-validates-as-required\" autocomplete=\"name\" aria-required=\"true\" aria-invalid=\"false\" value=\"\" type=\"text\" name=\"your-name\" \/><\/span> <\/label><br \/>\n<label> Votre e-mail*<br \/>\n<span class=\"wpcf7-form-control-wrap\" data-name=\"your-email\"><input size=\"40\" maxlength=\"400\" class=\"wpcf7-form-control wpcf7-email wpcf7-validates-as-required wpcf7-text wpcf7-validates-as-email\" autocomplete=\"email\" aria-required=\"true\" aria-invalid=\"false\" value=\"\" type=\"email\" name=\"your-email\" \/><\/span> <\/label><br \/>\n<label>Adresse*<br \/>\n<span class=\"wpcf7-form-control-wrap\" data-name=\"Adresse\"><input size=\"40\" maxlength=\"400\" class=\"wpcf7-form-control wpcf7-text wpcf7-validates-as-required\" aria-required=\"true\" aria-invalid=\"false\" placeholder=\"Adresse\" value=\"\" type=\"text\" name=\"Adresse\" \/><\/span> <\/label><br \/>\n<label>NPA + Ville*<br \/>\n<span class=\"wpcf7-form-control-wrap\" data-name=\"NPA-Ville\"><input size=\"40\" maxlength=\"400\" class=\"wpcf7-form-control wpcf7-text wpcf7-validates-as-required\" aria-required=\"true\" aria-invalid=\"false\" placeholder=\"NPA + Ville\" value=\"\" type=\"text\" name=\"NPA-Ville\" \/><\/span> <\/label><br \/>\n<label>T\u00e9l\u00e9phone*<br \/>\n<span class=\"wpcf7-form-control-wrap\" data-name=\"Telephone\"><input size=\"40\" maxlength=\"400\" class=\"wpcf7-form-control wpcf7-tel wpcf7-validates-as-required wpcf7-text wpcf7-validates-as-tel\" aria-required=\"true\" aria-invalid=\"false\" placeholder=\"T\u00e9l\u00e9phone\" value=\"\" type=\"tel\" name=\"Telephone\" \/><\/span> <\/label>\n<\/p>\n<p><label>Date de l'\u00e9v\u00e8nement*<br \/>\n<span class=\"wpcf7-form-control-wrap\" data-name=\"date-evenement\"><input class=\"wpcf7-form-control wpcf7-date wpcf7-validates-as-required wpcf7-validates-as-date\" aria-required=\"true\" aria-invalid=\"false\" value=\"\" type=\"date\" name=\"date-evenement\" \/><\/span> <\/label>\n<\/p>\n<p><label>Lieu*<br \/>\n<span class=\"wpcf7-form-control-wrap\" data-name=\"lieu\"><input size=\"40\" maxlength=\"400\" class=\"wpcf7-form-control wpcf7-text wpcf7-validates-as-required\" aria-required=\"true\" aria-invalid=\"false\" placeholder=\"Lieu\" value=\"\" type=\"text\" name=\"lieu\" \/><\/span> <\/label>\n<\/p>\n<p><label>Nombre de personnes*<br \/>\n<span class=\"wpcf7-form-control-wrap\" data-name=\"nbre-personnes\"><input size=\"40\" maxlength=\"400\" class=\"wpcf7-form-control wpcf7-text wpcf7-validates-as-required\" aria-required=\"true\" aria-invalid=\"false\" placeholder=\"Nombre de personnes\" value=\"\" type=\"text\" name=\"nbre-personnes\" \/><\/span> <\/label>\n<\/p>\n<p><label>Style de prestations*<br \/>\n<span class=\"wpcf7-form-control-wrap\" data-name=\"prestations\"><span class=\"wpcf7-form-control wpcf7-checkbox wpcf7-validates-as-required\"><span class=\"wpcf7-list-item first\"><input type=\"checkbox\" name=\"prestations[]\" value=\"\" \/><span class=\"wpcf7-list-item-label\"><\/span><\/span><span class=\"wpcf7-list-item\"><input type=\"checkbox\" name=\"prestations[]\" value=\"Les Formules Cocktails\" \/><span class=\"wpcf7-list-item-label\">Les Formules Cocktails<\/span><\/span><span class=\"wpcf7-list-item\"><input type=\"checkbox\" name=\"prestations[]\" value=\"Nos sp\u00e9cialit\u00e9s \u00e0 partager\" \/><span class=\"wpcf7-list-item-label\">Nos sp\u00e9cialit\u00e9s \u00e0 partager<\/span><\/span><span class=\"wpcf7-list-item\"><input type=\"checkbox\" name=\"prestations[]\" value=\"Boulangerie &amp; Divers\" \/><span class=\"wpcf7-list-item-label\">Boulangerie &amp; Divers<\/span><\/span><span class=\"wpcf7-list-item\"><input type=\"checkbox\" name=\"prestations[]\" value=\"Buffets personnalis\u00e9s\" \/><span class=\"wpcf7-list-item-label\">Buffets personnalis\u00e9s<\/span><\/span><span class=\"wpcf7-list-item\"><input type=\"checkbox\" name=\"prestations[]\" value=\"Buffet de salades\" \/><span class=\"wpcf7-list-item-label\">Buffet de salades<\/span><\/span><span class=\"wpcf7-list-item last\"><input type=\"checkbox\" name=\"prestations[]\" value=\"G\u00e2teaux et Pi\u00e8ces Mont\u00e9es\" \/><span class=\"wpcf7-list-item-label\">G\u00e2teaux et Pi\u00e8ces Mont\u00e9es<\/span><\/span><\/span><\/span> <\/label>\n<\/p>\n<p><label>Votre message<br \/>\n<span class=\"wpcf7-form-control-wrap\" data-name=\"your-message\"><textarea cols=\"40\" rows=\"10\" maxlength=\"2000\" class=\"wpcf7-form-control wpcf7-textarea\" aria-invalid=\"false\" name=\"your-message\"><\/textarea><\/span> <\/label>\n<\/p>\n<p><input class=\"wpcf7-form-control wpcf7-submit has-spinner\" type=\"submit\" value=\"Envoyer\" \/>\n<\/p>\n<p>Ce formulaire utilise Akismet pour r\u00e9duire le courrier ind\u00e9sirable. <a target=\"_blank\" rel=\"nofollow noopener\" href=\"https:\/\/akismet.com\/privacy\/\">D\u00e9couvrez comment vos donn\u00e9es sont trait\u00e9es.<\/a>\n<\/p><p style=\"display: none !important;\" class=\"akismet-fields-container\" data-prefix=\"_wpcf7_ak_\"><label>&#916;<textarea name=\"_wpcf7_ak_hp_textarea\" cols=\"45\" rows=\"8\" maxlength=\"100\"><\/textarea><\/label><input type=\"hidden\" id=\"ak_js_1\" name=\"_wpcf7_ak_js\" value=\"214\"\/><script>document.getElementById( \"ak_js_1\" ).setAttribute( \"value\", ( new Date() ).getTime() );<\/script><\/p><div class=\"wpcf7-response-output\" aria-hidden=\"true\"><\/div>\n<\/form>\n<\/div>\n[\/vc_column][vc_column width=&#8221;2\/3&#8243;][vc_row_inner][vc_column_inner][vc_column_text]<\/p>\n<h5><strong>Fusion Traiteur<br \/>\n<\/strong>Val\u00e9rie Rajaonarivo<br \/>\nCh. de Vassin 53A<br \/>\n1814 La Tour-de-Peilz<\/h5>\n<h5><strong>+41 78 658 00 80<br \/>\n<\/strong><\/h5>\n<h5><a href=\"mailto:info@fusion-traiteur.ch\">info@fusion-traiteur.ch<br \/>\n<\/a><a href=\"https:\/\/www.fusion-traiteur.ch\">www.fusion-traiteur.ch<\/a><\/h5>\n<p>[\/vc_column_text][\/vc_column_inner][\/vc_row_inner][vc_empty_space][vc_empty_space][vc_empty_space][vc_column_text]<\/p>\n<h3>Horaires : du lundi au samedi, dimanche ferm\u00e9<\/h3>\n<p>[\/vc_column_text][vc_empty_space][vc_single_image image=&#8221;2226&#8243; img_size=&#8221;full&#8221; alignment=&#8221;center&#8221;][\/vc_column][\/vc_row][vc_row][vc_column][vc_empty_space][vc_gmaps link=&#8221;#E-8_JTNDaWZyYW1lJTIwd2lkdGglM0QlMjIyNTAlMjIlMjBoZWlnaHQlM0QlMjI1NTAlMjIlMjBmcmFtZWJvcmRlciUzRCUyMjAlMjIlMjBzY3JvbGxpbmclM0QlMjJubyUyMiUyMG1hcmdpbmhlaWdodCUzRCUyMjAlMjIlMjBtYXJnaW53aWR0aCUzRCUyMjAlMjIlMjBzcmMlM0QlMjJodHRwcyUzQSUyRiUyRm1hcHMuZ29vZ2xlLmNoJTJGbWFwcyUzRmYlM0RxJTI2YW1wJTNCc291cmNlJTNEc19xJTI2YW1wJTNCaGwlM0RmciUyNmFtcCUzQmdlb2NvZGUlM0QlMjZhbXAlM0JxJTNEdmFsJTI1QzMlMjVBOXJpZSUyQnJhamFvbmFyaXZvJTJCbGElMkJ0b3VyLWRlLXBlaWx6JTI2YW1wJTNCYXElM0QlMjZhbXAlM0JzbGwlM0Q0Ni40Mjk4MDglMkM2LjkxNzM1OCUyNmFtcCUzQnNzcG4lM0QwLjAyMjQ4JTJDMC4wNTUyNzUlMjZhbXAlM0J0JTNEaCUyNmFtcCUzQmllJTNEVVRGOCUyNmFtcCUzQmhxJTNEdmFsJTI1QzMlMjVBOXJpZSUyQnJhamFvbmFyaXZvJTI2YW1wJTNCaG5lYXIlM0RMYSUyQlRvdXItZGUtUGVpbHolMkMlMkJWYXVkJTI2YW1wJTNCY2lkJTNEMjE5MjYxNTEzMjIyOTcwMDU0MyUyNmFtcCUzQmxsJTNENDYuNDU4NTg1JTJDNi44NjQwNTIlMjZhbXAlM0JzcG4lM0QwLjAwODEzJTJDMC4wMDUzNjQlMjZhbXAlM0J6JTNEMTYlMjZhbXAlM0JvdXRwdXQlM0RlbWJlZCUyMiUzRSUzQyUyRmlmcmFtZSUzRSUzQ2JyJTIwJTJGJTNFJTNDc21hbGwlM0UlM0NhJTIwaHJlZiUzRCUyMmh0dHBzJTNBJTJGJTJGbWFwcy5nb29nbGUuY2glMkZtYXBzJTNGZiUzRHElMjZhbXAlM0Jzb3VyY2UlM0RlbWJlZCUyNmFtcCUzQmhsJTNEZnIlMjZhbXAlM0JnZW9jb2RlJTNEJTI2YW1wJTNCcSUzRHZhbCUyNUMzJTI1QTlyaWUlMkJyYWphb25hcml2byUyQmxhJTJCdG91ci1kZS1wZWlseiUyNmFtcCUzQmFxJTNEJTI2YW1wJTNCc2xsJTNENDYuNDI5ODA4JTJDNi45MTczNTglMjZhbXAlM0Jzc3BuJTNEMC4wMjI0OCUyQzAuMDU1Mjc1JTI2YW1wJTNCdCUzRGglMjZhbXAlM0JpZSUzRFVURjglMjZhbXAlM0JocSUzRHZhbCUyNUMzJTI1QTlyaWUlMkJyYWphb25hcml2byUyNmFtcCUzQmhuZWFyJTNETGElMkJUb3VyLWRlLVBlaWx6JTJDJTJCVmF1ZCUyNmFtcCUzQmNpZCUzRDIxOTI2MTUxMzIyMjk3MDA1NDMlMjZhbXAlM0JsbCUzRDQ2LjQ1ODU4NSUyQzYuODY0MDUyJTI2YW1wJTNCc3BuJTNEMC4wMDgxMyUyQzAuMDA1MzY0JTI2YW1wJTNCeiUzRDE2JTIyJTIwJTNDJTJGYSUzRSUzQyUyRnNtYWxsJTNF&#8221;][vc_empty_space][\/vc_column][\/vc_row]<\/p>\n<\/div>","protected":false},"excerpt":{"rendered":"<p>[vc_row][vc_column width=&#8221;1\/3&#8243;][\/vc_column][vc_column width=&#8221;2\/3&#8243;][vc_row_inner][vc_column_inner][vc_column_text] Fusion Traiteur Val\u00e9rie Rajaonarivo Ch. de Vassin 53A 1814 La Tour-de-Peilz +41 78 658 00 80 info@fusion-traiteur.ch www.fusion-traiteur.ch [\/vc_column_text][\/vc_column_inner][\/vc_row_inner][vc_empty_space][vc_empty_space][vc_empty_space][vc_column_text] Horaires : du lundi au samedi, dimanche ferm\u00e9 [\/vc_column_text][vc_empty_space][vc_single_image image=&#8221;2226&#8243; img_size=&#8221;full&#8221; alignment=&#8221;center&#8221;][\/vc_column][\/vc_row][vc_row][vc_column][vc_empty_space][vc_gmaps link=&#8221;#E-8_JTNDaWZyYW1lJTIwd2lkdGglM0QlMjIyNTAlMjIlMjBoZWlnaHQlM0QlMjI1NTAlMjIlMjBmcmFtZWJvcmRlciUzRCUyMjAlMjIlMjBzY3JvbGxpbmclM0QlMjJubyUyMiUyMG1hcmdpbmhlaWdodCUzRCUyMjAlMjIlMjBtYXJnaW53aWR0aCUzRCUyMjAlMjIlMjBzcmMlM0QlMjJodHRwcyUzQSUyRiUyRm1hcHMuZ29vZ2xlLmNoJTJGbWFwcyUzRmYlM0RxJTI2YW1wJTNCc291cmNlJTNEc19xJTI2YW1wJTNCaGwlM0RmciUyNmFtcCUzQmdlb2NvZGUlM0QlMjZhbXAlM0JxJTNEdmFsJTI1QzMlMjVBOXJpZSUyQnJhamFvbmFyaXZvJTJCbGElMkJ0b3VyLWRlLXBlaWx6JTI2YW1wJTNCYXElM0QlMjZhbXAlM0JzbGwlM0Q0Ni40Mjk4MDglMkM2LjkxNzM1OCUyNmFtcCUzQnNzcG4lM0QwLjAyMjQ4JTJDMC4wNTUyNzUlMjZhbXAlM0J0JTNEaCUyNmFtcCUzQmllJTNEVVRGOCUyNmFtcCUzQmhxJTNEdmFsJTI1QzMlMjVBOXJpZSUyQnJhamFvbmFyaXZvJTI2YW1wJTNCaG5lYXIlM0RMYSUyQlRvdXItZGUtUGVpbHolMkMlMkJWYXVkJTI2YW1wJTNCY2lkJTNEMjE5MjYxNTEzMjIyOTcwMDU0MyUyNmFtcCUzQmxsJTNENDYuNDU4NTg1JTJDNi44NjQwNTIlMjZhbXAlM0JzcG4lM0QwLjAwODEzJTJDMC4wMDUzNjQlMjZhbXAlM0J6JTNEMTYlMjZhbXAlM0JvdXRwdXQlM0RlbWJlZCUyMiUzRSUzQyUyRmlmcmFtZSUzRSUzQ2JyJTIwJTJGJTNFJTNDc21hbGwlM0UlM0NhJTIwaHJlZiUzRCUyMmh0dHBzJTNBJTJGJTJGbWFwcy5nb29nbGUuY2glMkZtYXBzJTNGZiUzRHElMjZhbXAlM0Jzb3VyY2UlM0RlbWJlZCUyNmFtcCUzQmhsJTNEZnIlMjZhbXAlM0JnZW9jb2RlJTNEJTI2YW1wJTNCcSUzRHZhbCUyNUMzJTI1QTlyaWUlMkJyYWphb25hcml2byUyQmxhJTJCdG91ci1kZS1wZWlseiUyNmFtcCUzQmFxJTNEJTI2YW1wJTNCc2xsJTNENDYuNDI5ODA4JTJDNi45MTczNTglMjZhbXAlM0Jzc3BuJTNEMC4wMjI0OCUyQzAuMDU1Mjc1JTI2YW1wJTNCdCUzRGglMjZhbXAlM0JpZSUzRFVURjglMjZhbXAlM0JocSUzRHZhbCUyNUMzJTI1QTlyaWUlMkJyYWphb25hcml2byUyNmFtcCUzQmhuZWFyJTNETGElMkJUb3VyLWRlLVBlaWx6JTJDJTJCVmF1ZCUyNmFtcCUzQmNpZCUzRDIxOTI2MTUxMzIyMjk3MDA1NDMlMjZhbXAlM0JsbCUzRDQ2LjQ1ODU4NSUyQzYuODY0MDUyJTI2YW1wJTNCc3BuJTNEMC4wMDgxMyUyQzAuMDA1MzY0JTI2YW1wJTNCeiUzRDE2JTIyJTIwJTNDJTJGYSUzRSUzQyUyRnNtYWxsJTNF&#8221;][vc_empty_space][\/vc_column][\/vc_row]<\/p>\n","protected":false},"author":2,"featured_media":0,"parent":0,"menu_order":99,"comment_status":"closed","ping_status":"closed","template":"","meta":{"footnotes":""},"class_list":["post-59","page","type-page","status-publish","hentry"],"_links":{"self":[{"href":"https:\/\/www.fusion-traiteur.ch\/new\/wp-json\/wp\/v2\/pages\/59","targetHints":{"allow":["GET"]}}],"collection":[{"href":"https:\/\/www.fusion-traiteur.ch\/new\/wp-json\/wp\/v2\/pages"}],"about":[{"href":"https:\/\/www.fusion-traiteur.ch\/new\/wp-json\/wp\/v2\/types\/page"}],"author":[{"embeddable":true,"href":"https:\/\/www.fusion-traiteur.ch\/new\/wp-json\/wp\/v2\/users\/2"}],"replies":[{"embeddable":true,"href":"https:\/\/www.fusion-traiteur.ch\/new\/wp-json\/wp\/v2\/comments?post=59"}],"version-history":[{"count":18,"href":"https:\/\/www.fusion-traiteur.ch\/new\/wp-json\/wp\/v2\/pages\/59\/revisions"}],"predecessor-version":[{"id":2555,"href":"https:\/\/www.fusion-traiteur.ch\/new\/wp-json\/wp\/v2\/pages\/59\/revisions\/2555"}],"wp:attachment":[{"href":"https:\/\/www.fusion-traiteur.ch\/new\/wp-json\/wp\/v2\/media?parent=59"}],"curies":[{"name":"wp","href":"https:\/\/api.w.org\/{rel}","templated":true}]}}