{"id":47,"date":"2012-10-05T16:24:19","date_gmt":"2012-10-05T14:24:19","guid":{"rendered":"http:\/\/www.fusion-traiteur.ch\/wp\/?page_id=47"},"modified":"2023-02-22T10:11:12","modified_gmt":"2023-02-22T09:11:12","slug":"mignardises","status":"publish","type":"page","link":"https:\/\/www.fusion-traiteur.ch\/new\/mignardises\/","title":{"rendered":"Mignardises"},"content":{"rendered":"<div class=\"wpb-content-wrapper\"><p>[vc_row][vc_column width=&#8221;2\/3&#8243;][vc_column_text]<\/p>\n<h3><strong>Vous d\u00e9sirez organiser un anniversaire ou conclure votre magnifique cocktail avec des douceurs :<\/strong><\/h3>\n<p><strong>Nous vous proposons un assortiment de mignardises toutes plus app\u00e9tissantes les unes que les autres.<\/strong>[\/vc_column_text][\/vc_column][vc_column width=&#8221;1\/3&#8243;][\/vc_column][\/vc_row][vc_row][vc_column width=&#8221;2\/3&#8243;][vc_column_text]\n<table id=\"tablepress-5\" class=\"tablepress tablepress-id-5\">\n<tbody class=\"row-hover\">\n<tr class=\"row-1\">\n\t<td class=\"column-1\">MINI TARTELETTES<\/td><td class=\"column-2\"><\/td><td class=\"column-3\"><\/td>\n<\/tr>\n<tr class=\"row-2\">\n\t<td class=\"column-1\">au citron<\/td><td class=\"column-2\">2.60<\/td><td class=\"column-3\">pce<\/td>\n<\/tr>\n<tr class=\"row-3\">\n\t<td class=\"column-1\">au citron meringu\u00e9 - nouveaut\u00e9 2023<\/td><td class=\"column-2\">3.-<\/td><td class=\"column-3\">pce<\/td>\n<\/tr>\n<tr class=\"row-4\">\n\t<td class=\"column-1\">au vin cuit<\/td><td class=\"column-2\">2.60<\/td><td class=\"column-3\">pce<\/td>\n<\/tr>\n<tr class=\"row-5\">\n\t<td class=\"column-1\">aux noix<\/td><td class=\"column-2\">2.60<\/td><td class=\"column-3\">pce<\/td>\n<\/tr>\n<tr class=\"row-6\">\n\t<td class=\"column-1\">aux fruits (selon saison)<\/td><td class=\"column-2\">2.60<\/td><td class=\"column-3\">pce<\/td>\n<\/tr>\n<tr class=\"row-7\">\n\t<td class=\"column-1\">aux framboises et pistaches<\/td><td class=\"column-2\">3.-<\/td><td class=\"column-3\">pce<\/td>\n<\/tr>\n<tr class=\"row-8\">\n\t<td class=\"column-1\">\u00e0 la cr\u00e8me<\/td><td class=\"column-2\">2.60<\/td><td class=\"column-3\">pce<\/td>\n<\/tr>\n<tr class=\"row-9\">\n\t<td class=\"column-1\">amandine aux pommes<\/td><td class=\"column-2\">2.60<\/td><td class=\"column-3\">pce<\/td>\n<\/tr>\n<tr class=\"row-10\">\n\t<td class=\"column-1\">Mont-Blanc<\/td><td class=\"column-2\">2.60<\/td><td class=\"column-3\">pce<\/td>\n<\/tr>\n<tr class=\"row-11\">\n\t<td class=\"column-1\"><\/td><td class=\"column-2\"><\/td><td class=\"column-3\"><\/td>\n<\/tr>\n<tr class=\"row-12\">\n\t<td class=\"column-1\"><\/td><td class=\"column-2\"><\/td><td class=\"column-3\"><\/td>\n<\/tr>\n<tr class=\"row-13\">\n\t<td class=\"column-1\">MINI \u00c9CLAIRS<\/td><td class=\"column-2\"><\/td><td class=\"column-3\"><\/td>\n<\/tr>\n<tr class=\"row-14\">\n\t<td class=\"column-1\">\u00e0 la vanille<\/td><td class=\"column-2\">2.60<\/td><td class=\"column-3\">pce<\/td>\n<\/tr>\n<tr class=\"row-15\">\n\t<td class=\"column-1\">au chocolat <\/td><td class=\"column-2\">2.60<\/td><td class=\"column-3\">pce<\/td>\n<\/tr>\n<tr class=\"row-16\">\n\t<td class=\"column-1\">caramel, beurre sal\u00e9<\/td><td class=\"column-2\">2.60<\/td><td class=\"column-3\">pce<\/td>\n<\/tr>\n<tr class=\"row-17\">\n\t<td class=\"column-1\"><\/td><td class=\"column-2\"><\/td><td class=\"column-3\"><\/td>\n<\/tr>\n<tr class=\"row-18\">\n\t<td class=\"column-1\"><\/td><td class=\"column-2\"><\/td><td class=\"column-3\"><\/td>\n<\/tr>\n<tr class=\"row-19\">\n\t<td class=\"column-1\">MINI CUPCAKES<\/td><td class=\"column-2\"><\/td><td class=\"column-3\"><\/td>\n<\/tr>\n<tr class=\"row-20\">\n\t<td class=\"column-1\">Sp\u00e9culos<\/td><td class=\"column-2\">2.50<\/td><td class=\"column-3\">pce<\/td>\n<\/tr>\n<tr class=\"row-21\">\n\t<td class=\"column-1\">Citron<\/td><td class=\"column-2\">2.50<\/td><td class=\"column-3\">pce<\/td>\n<\/tr>\n<tr class=\"row-22\">\n\t<td class=\"column-1\">Chocolat<\/td><td class=\"column-2\">2.50<\/td><td class=\"column-3\">pce<\/td>\n<\/tr>\n<tr class=\"row-23\">\n\t<td class=\"column-1\"><\/td><td class=\"column-2\"><\/td><td class=\"column-3\"><\/td>\n<\/tr>\n<tr class=\"row-24\">\n\t<td class=\"column-1\"><\/td><td class=\"column-2\"><\/td><td class=\"column-3\"><\/td>\n<\/tr>\n<tr class=\"row-25\">\n\t<td class=\"column-1\">MACARONS FARCIS<\/td><td class=\"column-2\"><\/td><td class=\"column-3\"><\/td>\n<\/tr>\n<tr class=\"row-26\">\n\t<td class=\"column-1\">au caramel<\/td><td class=\"column-2\">2.20<\/td><td class=\"column-3\">pce<\/td>\n<\/tr>\n<tr class=\"row-27\">\n\t<td class=\"column-1\">au chocolat<\/td><td class=\"column-2\">2.20<\/td><td class=\"column-3\">pce<\/td>\n<\/tr>\n<tr class=\"row-28\">\n\t<td class=\"column-1\">\u00e0 la framboise<\/td><td class=\"column-2\">2.20<\/td><td class=\"column-3\">pce<\/td>\n<\/tr>\n<tr class=\"row-29\">\n\t<td class=\"column-1\">au th\u00e9 Matcha<\/td><td class=\"column-2\">2.20<\/td><td class=\"column-3\">pce<\/td>\n<\/tr>\n<tr class=\"row-30\">\n\t<td class=\"column-1\">au caf\u00e9<\/td><td class=\"column-2\">2.20<\/td><td class=\"column-3\">pce<\/td>\n<\/tr>\n<tr class=\"row-31\">\n\t<td class=\"column-1\">menthe\/choco<\/td><td class=\"column-2\">2.20<\/td><td class=\"column-3\">pce<\/td>\n<\/tr>\n<tr class=\"row-32\">\n\t<td class=\"column-1\">passion\/choco<\/td><td class=\"column-2\">2.20<\/td><td class=\"column-3\">pce<\/td>\n<\/tr>\n<tr class=\"row-33\">\n\t<td class=\"column-1\"><\/td><td class=\"column-2\"><\/td><td class=\"column-3\"><\/td>\n<\/tr>\n<tr class=\"row-34\">\n\t<td class=\"column-1\"><\/td><td class=\"column-2\"><\/td><td class=\"column-3\"><\/td>\n<\/tr>\n<tr class=\"row-35\">\n\t<td class=\"column-1\">DIVERS<\/td><td class=\"column-2\"><\/td><td class=\"column-3\"><\/td>\n<\/tr>\n<tr class=\"row-36\">\n\t<td class=\"column-1\">Mini truff\u00e9s au chocolat<\/td><td class=\"column-2\">3.-<\/td><td class=\"column-3\">pce<\/td>\n<\/tr>\n<tr class=\"row-37\">\n\t<td class=\"column-1\">Mini caracs<\/td><td class=\"column-2\">2.50<\/td><td class=\"column-3\">pce<\/td>\n<\/tr>\n<tr class=\"row-38\">\n\t<td class=\"column-1\">Cannel\u00e9s bordelais<\/td><td class=\"column-2\">2.50<\/td><td class=\"column-3\">pce<\/td>\n<\/tr>\n<tr class=\"row-39\">\n\t<td class=\"column-1\">Mini cheesecakes<\/td><td class=\"column-2\">2.50<\/td><td class=\"column-3\">pce<\/td>\n<\/tr>\n<tr class=\"row-40\">\n\t<td class=\"column-1\">Mini baba au rhum<\/td><td class=\"column-2\">2.50<\/td><td class=\"column-3\">pce<\/td>\n<\/tr>\n<tr class=\"row-41\">\n\t<td class=\"column-1\">Mini Paris-Brest (p\u00e2te \u00e0 choux, cr\u00e8me pralin\u00e9)<\/td><td class=\"column-2\">3.-<\/td><td class=\"column-3\">pce<\/td>\n<\/tr>\n<tr class=\"row-42\">\n\t<td class=\"column-1\">Mini trop\u00e9zienne (brioche, cr\u00e8me vanille)<\/td><td class=\"column-2\">2.50<\/td><td class=\"column-3\">pce<\/td>\n<\/tr>\n<tr class=\"row-43\">\n\t<td class=\"column-1\">Mini mousse 3 chocolats - nouveaut\u00e9 2023<\/td><td class=\"column-2\">3.-<\/td><td class=\"column-3\">pce<\/td>\n<\/tr>\n<tr class=\"row-44\">\n\t<td class=\"column-1\">Rouleaux de printemps aux fraises et mascarpone - nouveaut\u00e9 2023<\/td><td class=\"column-2\">3.-<\/td><td class=\"column-3\">pce<\/td>\n<\/tr>\n<tr class=\"row-45\">\n\t<td class=\"column-1\"><\/td><td class=\"column-2\"><\/td><td class=\"column-3\"><\/td>\n<\/tr>\n<tr class=\"row-46\">\n\t<td class=\"column-1\"><\/td><td class=\"column-2\"><\/td><td class=\"column-3\"><\/td>\n<\/tr>\n<tr class=\"row-47\">\n\t<td class=\"column-1\">VERRINES<\/td><td class=\"column-2\"><\/td><td class=\"column-3\"><\/td>\n<\/tr>\n<tr class=\"row-48\">\n\t<td class=\"column-1\">brochette de fruits, sauce chocolat et piment<\/td><td class=\"column-2\">2.50<\/td><td class=\"column-3\">pce<\/td>\n<\/tr>\n<tr class=\"row-49\">\n\t<td class=\"column-1\">for\u00eat noire (framboise ou cerise)<\/td><td class=\"column-2\">2.50<\/td><td class=\"column-3\">pce<\/td>\n<\/tr>\n<tr class=\"row-50\">\n\t<td class=\"column-1\">duo de mousse (choco blanc\/choco brun)<\/td><td class=\"column-2\">2.50<\/td><td class=\"column-3\">pce<\/td>\n<\/tr>\n<tr class=\"row-51\">\n\t<td class=\"column-1\">Fraisier<\/td><td class=\"column-2\">3.-<\/td><td class=\"column-3\">pce<\/td>\n<\/tr>\n<tr class=\"row-52\">\n\t<td class=\"column-1\">tiramisu<\/td><td class=\"column-2\">2.50<\/td><td class=\"column-3\">pce<\/td>\n<\/tr>\n<tr class=\"row-53\">\n\t<td class=\"column-1\">tiramisu aux fruits rouges<\/td><td class=\"column-2\">2.50<\/td><td class=\"column-3\">pce<\/td>\n<\/tr>\n<tr class=\"row-54\">\n\t<td class=\"column-1\">mousse au citron<\/td><td class=\"column-2\">2.50<\/td><td class=\"column-3\">pce<\/td>\n<\/tr>\n<tr class=\"row-55\">\n\t<td class=\"column-1\">mousse aux framboises<\/td><td class=\"column-2\">2.50<\/td><td class=\"column-3\">pce<\/td>\n<\/tr>\n<tr class=\"row-56\">\n\t<td class=\"column-1\">mousse de ch\u00e2taignes<\/td><td class=\"column-2\">2.50<\/td><td class=\"column-3\">pce<\/td>\n<\/tr>\n<tr class=\"row-57\">\n\t<td class=\"column-1\">pana cota sur coulis de fruits rouges<\/td><td class=\"column-2\">2.50<\/td><td class=\"column-3\">pce<\/td>\n<\/tr>\n<tr class=\"row-58\">\n\t<td class=\"column-1\">pommes caram\u00e9lis\u00e9es sur cr\u00e8me brul\u00e9e<\/td><td class=\"column-2\">2.50<\/td><td class=\"column-3\">pce<\/td>\n<\/tr>\n<tr class=\"row-59\">\n\t<td class=\"column-1\">salade fraises menthe (prix selon saison)<\/td><td class=\"column-2\">2.50 ou 3.-<\/td><td class=\"column-3\">pce<\/td>\n<\/tr>\n<tr class=\"row-60\">\n\t<td class=\"column-1\">salade de fruits exotiques<\/td><td class=\"column-2\">2.70<\/td><td class=\"column-3\">pce<\/td>\n<\/tr>\n<tr class=\"row-61\">\n\t<td class=\"column-1\">mousse mangue et fruits de la passion<\/td><td class=\"column-2\">2.50<\/td><td class=\"column-3\">pce<\/td>\n<\/tr>\n<tr class=\"row-62\">\n\t<td class=\"column-1\">riz \u00e0 la cardamome, compot\u00e9e de poires - nouveaut\u00e9 2023<\/td><td class=\"column-2\">3.-<\/td><td class=\"column-3\">pce<\/td>\n<\/tr>\n<\/tbody>\n<\/table>\n<!-- #tablepress-5 from cache -->[\/vc_column_text][\/vc_column][vc_column width=&#8221;1\/3&#8243;][vc_empty_space height=&#8221;12px&#8221;][vc_single_image image=&#8221;2316&#8243; img_size=&#8221;full&#8221; alignment=&#8221;center&#8221; css_animation=&#8221;appear&#8221;][vc_empty_space height=&#8221;12px&#8221;][vc_single_image image=&#8221;2247&#8243; img_size=&#8221;full&#8221; alignment=&#8221;center&#8221; css_animation=&#8221;appear&#8221;][vc_empty_space height=&#8221;12px&#8221;][vc_single_image image=&#8221;2225&#8243; img_size=&#8221;full&#8221; alignment=&#8221;center&#8221; css_animation=&#8221;appear&#8221;][vc_empty_space height=&#8221;12px&#8221;][vc_single_image image=&#8221;2361&#8243; img_size=&#8221;full&#8221; alignment=&#8221;center&#8221; css_animation=&#8221;appear&#8221;][vc_empty_space height=&#8221;12px&#8221;][vc_single_image image=&#8221;2248&#8243; img_size=&#8221;full&#8221; alignment=&#8221;center&#8221; css_animation=&#8221;appear&#8221;][vc_empty_space height=&#8221;12px&#8221;][vc_single_image image=&#8221;2217&#8243; img_size=&#8221;full&#8221; alignment=&#8221;center&#8221; css_animation=&#8221;appear&#8221;][vc_empty_space height=&#8221;12px&#8221;][\/vc_column][\/vc_row][vc_row][vc_column][vc_column_text]<\/p>\n<p style=\"text-align: center;\"><strong>Les prix sont indiqu\u00e9s hors taxes.<\/strong><br \/>\n<strong>Fusion Traiteur rajoutera la TVA au taux de<br \/>\n<\/strong><strong>2,5% (sans service) ou 7,7% (avec service)<\/strong><\/p>\n<p>[\/vc_column_text][\/vc_column][\/vc_row][vc_row][vc_column][vc_empty_space][\/vc_column][\/vc_row]<\/p>\n<\/div>","protected":false},"excerpt":{"rendered":"<p>[vc_row][vc_column width=&#8221;2\/3&#8243;][vc_column_text] Vous d\u00e9sirez organiser un anniversaire ou conclure votre magnifique cocktail avec des douceurs : Nous vous proposons un assortiment de mignardises toutes plus app\u00e9tissantes les unes que les autres.[\/vc_column_text][\/vc_column][vc_column width=&#8221;1\/3&#8243;][\/vc_column][\/vc_row][vc_row][vc_column width=&#8221;2\/3&#8243;][vc_column_text][\/vc_column_text][\/vc_column][vc_column width=&#8221;1\/3&#8243;][vc_empty_space height=&#8221;12px&#8221;][vc_single_image image=&#8221;2316&#8243; img_size=&#8221;full&#8221; alignment=&#8221;center&#8221; css_animation=&#8221;appear&#8221;][vc_empty_space height=&#8221;12px&#8221;][vc_single_image image=&#8221;2247&#8243; img_size=&#8221;full&#8221; alignment=&#8221;center&#8221; css_animation=&#8221;appear&#8221;][vc_empty_space height=&#8221;12px&#8221;][vc_single_image image=&#8221;2225&#8243; img_size=&#8221;full&#8221; alignment=&#8221;center&#8221; css_animation=&#8221;appear&#8221;][vc_empty_space height=&#8221;12px&#8221;][vc_single_image image=&#8221;2361&#8243; img_size=&#8221;full&#8221; alignment=&#8221;center&#8221; css_animation=&#8221;appear&#8221;][vc_empty_space height=&#8221;12px&#8221;][vc_single_image [&hellip;]<\/p>\n","protected":false},"author":2,"featured_media":0,"parent":0,"menu_order":88,"comment_status":"closed","ping_status":"closed","template":"","meta":{"footnotes":""},"class_list":["post-47","page","type-page","status-publish","hentry"],"_links":{"self":[{"href":"https:\/\/www.fusion-traiteur.ch\/new\/wp-json\/wp\/v2\/pages\/47","targetHints":{"allow":["GET"]}}],"collection":[{"href":"https:\/\/www.fusion-traiteur.ch\/new\/wp-json\/wp\/v2\/pages"}],"about":[{"href":"https:\/\/www.fusion-traiteur.ch\/new\/wp-json\/wp\/v2\/types\/page"}],"author":[{"embeddable":true,"href":"https:\/\/www.fusion-traiteur.ch\/new\/wp-json\/wp\/v2\/users\/2"}],"replies":[{"embeddable":true,"href":"https:\/\/www.fusion-traiteur.ch\/new\/wp-json\/wp\/v2\/comments?post=47"}],"version-history":[{"count":19,"href":"https:\/\/www.fusion-traiteur.ch\/new\/wp-json\/wp\/v2\/pages\/47\/revisions"}],"predecessor-version":[{"id":2362,"href":"https:\/\/www.fusion-traiteur.ch\/new\/wp-json\/wp\/v2\/pages\/47\/revisions\/2362"}],"wp:attachment":[{"href":"https:\/\/www.fusion-traiteur.ch\/new\/wp-json\/wp\/v2\/media?parent=47"}],"curies":[{"name":"wp","href":"https:\/\/api.w.org\/{rel}","templated":true}]}}