{"id":41,"date":"2012-10-05T16:22:33","date_gmt":"2012-10-05T14:22:33","guid":{"rendered":"http:\/\/www.fusion-traiteur.ch\/wp\/?page_id=41"},"modified":"2020-01-23T11:52:43","modified_gmt":"2020-01-23T10:52:43","slug":"buffet-mediterraneen","status":"publish","type":"page","link":"https:\/\/www.fusion-traiteur.ch\/new\/buffet-mediterraneen\/","title":{"rendered":"Buffet M\u00e9diterran\u00e9en"},"content":{"rendered":"<div class=\"wpb-content-wrapper\"><p>[vc_row][vc_column width=&#8221;2\/3&#8243;][vc_column_text]<\/p>\n<h3 style=\"text-align: left;\"><strong>Les buffets sont propos\u00e9s pour des groupes de 20\u00a0\u00e0 50 personnes maximum<\/strong><\/h3>\n<p>[\/vc_column_text][vc_empty_space][vc_column_text]<\/p>\n<p style=\"text-align: center;\"><strong>Antipasti<\/strong><br \/>\nGaspacho andalou<br \/>\nPetits Bateaux de Melon et Jambon cru<br \/>\nBruschetta (\u00e0 la concass\u00e9e de Tomates)<br \/>\nL\u00e9gumes grill\u00e9s parfum\u00e9s \u00e0 l\u2019Ail et huile d\u2019Olive<br \/>\nHoumous (Pur\u00e9e de Pois chiches)<br \/>\nSalade Mozzarella, Tomates et Basilic<br \/>\nSalade de Fruits de mer<br \/>\nSalade Grecque<br \/>\nFocaccia et Pains pita<\/p>\n<p style=\"text-align: center;\"><strong>Plats Chauds<\/strong><br \/>\nLasagne au B\u0153uf ou V\u00e9g\u00e9tarien<br \/>\nou<br \/>\nRisotto aux Bolets<br \/>\n(pr\u00e9par\u00e9 sur place)<br \/>\nou<br \/>\nTajine d&#8217;agneau pruneaux<br \/>\nou<br \/>\nTajine de poulet, citrons confits, olives<\/p>\n<p style=\"text-align: center;\"><strong>Desserts \u00e0 choix :<br \/>\n<\/strong>(servis pour l&#8217;ensemble de la table)<br \/>\n<strong>verrine salade de fruits<\/strong><br \/>\n<strong>verrine panna cotta sur coulis de fruits rouge<\/strong><br \/>\n<strong>verrine mousse duo de choc<\/strong><\/p>\n<p style=\"text-align: center;\">50.- par pers (de 20\u00a0\u00e0 29 pers.)<br \/>\n45.- par pers. (de 30 \u00e0 50 pers.)<\/p>\n<p>[\/vc_column_text][vc_empty_space][vc_column_text]<\/p>\n<p style=\"text-align: center;\"><strong>Les prix sont indiqu\u00e9s hors taxes.<\/strong><br \/>\n<strong>Fusion Traiteur rajoutera la TVA au taux de<br \/>\n<\/strong><strong>2,5% (sans service) ou 7,7% (avec service)<\/strong><\/p>\n<p>[\/vc_column_text][\/vc_column][vc_column width=&#8221;1\/3&#8243;][vc_empty_space height=&#8221;12px&#8221;][vc_single_image image=&#8221;1847&#8243; img_size=&#8221;full&#8221; css_animation=&#8221;appear&#8221;][vc_empty_space height=&#8221;12px&#8221;][vc_single_image image=&#8221;1851&#8243; img_size=&#8221;full&#8221; css_animation=&#8221;appear&#8221;][\/vc_column][\/vc_row][vc_row][vc_column][vc_empty_space][\/vc_column][\/vc_row]<\/p>\n<\/div>","protected":false},"excerpt":{"rendered":"<p>[vc_row][vc_column width=&#8221;2\/3&#8243;][vc_column_text] Les buffets sont propos\u00e9s pour des groupes de 20\u00a0\u00e0 50 personnes maximum [\/vc_column_text][vc_empty_space][vc_column_text] Antipasti Gaspacho andalou Petits Bateaux de Melon et Jambon cru Bruschetta (\u00e0 la concass\u00e9e de Tomates) L\u00e9gumes grill\u00e9s parfum\u00e9s \u00e0 l\u2019Ail et huile d\u2019Olive Houmous (Pur\u00e9e de Pois chiches) Salade Mozzarella, Tomates et Basilic Salade de Fruits de mer Salade [&hellip;]<\/p>\n","protected":false},"author":2,"featured_media":0,"parent":0,"menu_order":59,"comment_status":"closed","ping_status":"closed","template":"","meta":{"footnotes":""},"class_list":["post-41","page","type-page","status-publish","hentry"],"_links":{"self":[{"href":"https:\/\/www.fusion-traiteur.ch\/new\/wp-json\/wp\/v2\/pages\/41","targetHints":{"allow":["GET"]}}],"collection":[{"href":"https:\/\/www.fusion-traiteur.ch\/new\/wp-json\/wp\/v2\/pages"}],"about":[{"href":"https:\/\/www.fusion-traiteur.ch\/new\/wp-json\/wp\/v2\/types\/page"}],"author":[{"embeddable":true,"href":"https:\/\/www.fusion-traiteur.ch\/new\/wp-json\/wp\/v2\/users\/2"}],"replies":[{"embeddable":true,"href":"https:\/\/www.fusion-traiteur.ch\/new\/wp-json\/wp\/v2\/comments?post=41"}],"version-history":[{"count":12,"href":"https:\/\/www.fusion-traiteur.ch\/new\/wp-json\/wp\/v2\/pages\/41\/revisions"}],"predecessor-version":[{"id":2173,"href":"https:\/\/www.fusion-traiteur.ch\/new\/wp-json\/wp\/v2\/pages\/41\/revisions\/2173"}],"wp:attachment":[{"href":"https:\/\/www.fusion-traiteur.ch\/new\/wp-json\/wp\/v2\/media?parent=41"}],"curies":[{"name":"wp","href":"https:\/\/api.w.org\/{rel}","templated":true}]}}