{"id":406,"date":"2014-06-09T02:59:29","date_gmt":"2014-06-09T00:59:29","guid":{"rendered":"http:\/\/nmt82.joomexp.com\/wp-nuvo\/?page_id=5"},"modified":"2025-06-11T10:08:34","modified_gmt":"2025-06-11T08:08:34","slug":"fusion","status":"publish","type":"page","link":"https:\/\/www.fusion-traiteur.ch\/new\/fusion\/","title":{"rendered":"Fusion"},"content":{"rendered":"<div class=\"wpb-content-wrapper\"><p>[vc_row full_width=&#8221;stretch_row&#8221; video_bg=&#8221;yes&#8221; video_bg_url=&#8221;https:\/\/www.youtube.com\/watch?v=KrcBUDV28i8&#8243; video_bg_parallax=&#8221;content-moving&#8221; parallax_speed_video=&#8221;2&#8243; el_class=&#8221;row-overlay&#8221; css=&#8221;.vc_custom_1486438700610{margin-bottom: 20px !important;padding-top: 210px !important;padding-bottom: 210px !important;background-color: rgba(255,255,255,0.6) !important;*background-color: rgb(255,255,255) !important;}&#8221; type=&#8221;ww-custom&#8221; bg_video_transparent=&#8221;0.6&#8243; bg_video_src_webm=&#8221;http:\/\/www.red-ferndevelopment.co.uk\/NUVOCafe.webm&#8221; bg_video_color=&#8221;#ffffff&#8221; parallax_speed=&#8221;0.8&#8243;][vc_column][vc_column_text]<\/p>\n<h1 style=\"text-align: center; padding-bottom: 25px; font-size: 58px; font-family: Opensans-Light;\">Fusion Traiteur, c&#8217;est\u00a0 Val\u00e9rie, St\u00e9phanie et Sandrine<\/h1>\n<p style=\"text-align: center; color: #444444; font-size: 18px; letter-spacing: 5px;\"><em>Trois amies, un seul objectif : La Gourmandise !\u00a0<\/em><\/p>\n<p>[\/vc_column_text][\/vc_column][\/vc_row][vc_row full_width=&#8221;false&#8221; css=&#8221;.vc_custom_1418725283867{margin-bottom: 20px !important;padding-top: 20px !important;padding-bottom: 20px !important;background-color: #ffffff !important;}&#8221; parallax_speed=&#8221;0.8&#8243; bg_video_transparent=&#8221;0&#8243;][vc_column width=&#8221;1\/2&#8243;][vc_column_text]<\/p>\n<h1 style=\"font-size: 58px; line-height: 66px;\">Historique &#8230;<\/h1>\n<p><strong>2007<\/strong> : Cr\u00e9ation de l&#8217;entreprise par <strong><em>Val\u00e9rie Rajaonarivo<\/em><\/strong>\u00a0et collaboration avec <strong><em>Martine Rajaonarivo<\/em><\/strong><br \/>\n<strong>2010<\/strong> : Cr\u00e9ation du site par <strong><em>Luca Carmagnola<\/em><\/strong><br \/>\n<strong>2017<\/strong> : Martine passe la main \u00e0 <strong><em>St\u00e9phanie Martignoni<\/em><\/strong><br \/>\n<strong>2018<\/strong> : Emm\u00e9nagement dans les cuisines professionnelles d&#8217;Emma\u00fcs \u00e0 St. L\u00e9gier<br \/>\n<strong>2022<\/strong> : Arriv\u00e9e de <strong><em>Sandrine Beytrison<\/em><\/strong>, boulang\u00e8re\/p\u00e2tissi\u00e8re et chocolati\u00e8re\/confiseur.<\/p>\n<p>L\u2019\u00e9quipe est au complet et peut r\u00e9pondre \u00e0 une demande de plus en plus importante.[\/vc_column_text][\/vc_column][vc_column width=&#8221;1\/2&#8243;][vc_single_image image=&#8221;2289&#8243; img_size=&#8221;large&#8221; add_caption=&#8221;yes&#8221; alignment=&#8221;center&#8221; onclick=&#8221;link_image&#8221;][\/vc_column][\/vc_row][vc_row full_width=&#8221;stretch_row&#8221; parallax=&#8221;content-moving&#8221; parallax_image=&#8221;721&#8243; parallax_speed_bg=&#8221;2&#8243; el_class=&#8221;cs-cover-slider-events&#8221; parallax_speed=&#8221;0.8&#8243; bg_video_transparent=&#8221;0.8&#8243; css=&#8221;.vc_custom_1553593342975{margin-bottom: 20px !important;padding-top: 150px !important;padding-bottom: 150px !important;background-color: rgba(255,255,255,0.6) !important;*background-color: rgb(255,255,255) !important;}&#8221; type=&#8221;ww-custom&#8221; enable_parallax=&#8221;false&#8221; bg_video_color=&#8221;#ffffff&#8221;][vc_column][vc_column_text css=&#8221;&#8221;]<\/p>\n<h1 style=\"text-align: center; padding-bottom: 15px; font-size: 65px;\"><span lang=\"fr\" style=\"color: #e6e6e6;\">Depuis plus de 18 ans \u00e0 votre service sur la Riviera<\/span><\/h1>\n<p>[\/vc_column_text][\/vc_column][\/vc_row]<\/p>\n<\/div>","protected":false},"excerpt":{"rendered":"<p>[vc_row full_width=&#8221;stretch_row&#8221; video_bg=&#8221;yes&#8221; video_bg_url=&#8221;https:\/\/www.youtube.com\/watch?v=KrcBUDV28i8&#8243; video_bg_parallax=&#8221;content-moving&#8221; parallax_speed_video=&#8221;2&#8243; el_class=&#8221;row-overlay&#8221; css=&#8221;.vc_custom_1486438700610{margin-bottom: 20px !important;padding-top: 210px !important;padding-bottom: 210px !important;background-color: rgba(255,255,255,0.6) !important;*background-color: rgb(255,255,255) !important;}&#8221; type=&#8221;ww-custom&#8221; bg_video_transparent=&#8221;0.6&#8243; bg_video_src_webm=&#8221;http:\/\/www.red-ferndevelopment.co.uk\/NUVOCafe.webm&#8221; bg_video_color=&#8221;#ffffff&#8221; parallax_speed=&#8221;0.8&#8243;][vc_column][vc_column_text] Fusion Traiteur, c&#8217;est\u00a0 Val\u00e9rie, St\u00e9phanie et Sandrine Trois amies, un seul objectif : La Gourmandise !\u00a0 [\/vc_column_text][\/vc_column][\/vc_row][vc_row full_width=&#8221;false&#8221; css=&#8221;.vc_custom_1418725283867{margin-bottom: 20px !important;padding-top: 20px !important;padding-bottom: 20px !important;background-color: #ffffff !important;}&#8221; parallax_speed=&#8221;0.8&#8243; bg_video_transparent=&#8221;0&#8243;][vc_column width=&#8221;1\/2&#8243;][vc_column_text] Historique &#8230; [&hellip;]<\/p>\n","protected":false},"author":2,"featured_media":0,"parent":0,"menu_order":97,"comment_status":"closed","ping_status":"open","template":"","meta":{"footnotes":""},"class_list":["post-406","page","type-page","status-publish","hentry"],"_links":{"self":[{"href":"https:\/\/www.fusion-traiteur.ch\/new\/wp-json\/wp\/v2\/pages\/406","targetHints":{"allow":["GET"]}}],"collection":[{"href":"https:\/\/www.fusion-traiteur.ch\/new\/wp-json\/wp\/v2\/pages"}],"about":[{"href":"https:\/\/www.fusion-traiteur.ch\/new\/wp-json\/wp\/v2\/types\/page"}],"author":[{"embeddable":true,"href":"https:\/\/www.fusion-traiteur.ch\/new\/wp-json\/wp\/v2\/users\/2"}],"replies":[{"embeddable":true,"href":"https:\/\/www.fusion-traiteur.ch\/new\/wp-json\/wp\/v2\/comments?post=406"}],"version-history":[{"count":31,"href":"https:\/\/www.fusion-traiteur.ch\/new\/wp-json\/wp\/v2\/pages\/406\/revisions"}],"predecessor-version":[{"id":2554,"href":"https:\/\/www.fusion-traiteur.ch\/new\/wp-json\/wp\/v2\/pages\/406\/revisions\/2554"}],"wp:attachment":[{"href":"https:\/\/www.fusion-traiteur.ch\/new\/wp-json\/wp\/v2\/media?parent=406"}],"curies":[{"name":"wp","href":"https:\/\/api.w.org\/{rel}","templated":true}]}}