{"id":2513,"date":"2025-03-18T16:28:09","date_gmt":"2025-03-18T15:28:09","guid":{"rendered":"https:\/\/www.fusion-traiteur.ch\/new\/?page_id=2513"},"modified":"2026-03-04T10:58:04","modified_gmt":"2026-03-04T09:58:04","slug":"les-formules-cocktails-a-la-carte","status":"publish","type":"page","link":"https:\/\/www.fusion-traiteur.ch\/new\/les-formules-cocktails-a-la-carte\/","title":{"rendered":"Les Formules Cocktails \u00e0 la carte"},"content":{"rendered":"<div class=\"wpb-content-wrapper\"><p>[vc_row][vc_column width=&#8221;1\/6&#8243;][\/vc_column][vc_column width=&#8221;2\/3&#8243;][vc_empty_space height=&#8221;50px&#8221;][vc_column_text css=&#8221;&#8221;]<\/p>\n<h3 style=\"text-align: center;\"><span style=\"color: #93c355;\">CR\u00c9EZ VOUS-M\u00caME VOTRE COCKTAIL !<\/span><\/h3>\n<p>[\/vc_column_text][vc_column_text css=&#8221;&#8221;]<\/p>\n<h5><strong>Conditions<\/strong>\u00a0:<\/h5>\n<ul>\n<li><strong>Minimum 20 pi\u00e8ces de chaque<\/strong><\/li>\n<li><strong>Minimum 150.- d\u2019achat<\/strong><\/li>\n<li><strong>Maximum 12 sortes diff\u00e9rentes<\/strong><\/li>\n<\/ul>\n<p>[\/vc_column_text][vc_empty_space][vc_column_text css=&#8221;&#8221;]<\/p>\n<h3 style=\"text-align: center;\"><strong>SP\u00c9CIALIT\u00c9S SAL\u00c9ES<\/strong><\/h3>\n<p>[\/vc_column_text][vc_empty_space][\/vc_column][vc_column width=&#8221;1\/6&#8243;][\/vc_column][\/vc_row][vc_row][vc_column width=&#8221;1\/2&#8243;][vc_tta_accordion title_tag=&#8221;h3&#8243; section_title_tag=&#8221;h5&#8243; style=&#8221;modern&#8221; color=&#8221;green&#8221; active_section=&#8221;&#8221; collapsible_all=&#8221;true&#8221; css=&#8221;.vc_custom_1742312705490{background-color: #FFFFFF !important;}&#8221;][vc_tta_section title=&#8221;LES MINI SANDWICHES (CHF 3.-\/pi\u00e8ce)&#8221; tab_id=&#8221;1742311393963-042e1c61-45b1&#8243;][vc_column_text css=&#8221;&#8221;]Mini sandwiches jambon de campagne, fromage frais<br \/>\nMini sandwiches jambon cru, olives et roquette<br \/>\nMini sandwiches aux l\u00e9gumes du soleil (aubergine, courgette, poivrons)<br \/>\nMini sandwiches roastbeef, tartare et rampons<br \/>\nMini sandwiches crabe-avocat<br \/>\nMini sandwiches aubergine, tahina et pignons grill\u00e9s[\/vc_column_text][\/vc_tta_section][vc_tta_section title=&#8221;LES MINI CHOUX ET \u00c9CLAIRS (CHF 2,60 \/pi\u00e8ce)&#8221; tab_id=&#8221;1742311393972-2c831042-499b&#8221;][vc_column_text css=&#8221;&#8221;]Mini \u00e9clairs mousse de tomates s\u00e9ch\u00e9es, basilic<br \/>\nMini choux mousse de saumon, jeunes pousses<br \/>\nMini \u00e9clairs ch\u00e8vre et herbes fra\u00eeches<br \/>\nMini choux cr\u00e8me de poivrons[\/vc_column_text][\/vc_tta_section][vc_tta_section title=&#8221;LES MINI CROISSANTS (CHF 2,60\/pi\u00e8ce)&#8221; tab_id=&#8221;1742311393983-99e7c062-daeb&#8221;][vc_column_text css=&#8221;&#8221;]Mini croissants au jambon de campagne<br \/>\nMini croissants poulet curry<br \/>\nMini croissants agneau-pruneaux<br \/>\nMini croissants olives et tomates s\u00e9ch\u00e9es[\/vc_column_text][\/vc_tta_section][vc_tta_section title=&#8221;LES MINI QUICHES (CHF 2,60 pi\u00e8ce)&#8221; tab_id=&#8221;1742311393993-4f2cf0ce-1713&#8243;][vc_column_text css=&#8221;&#8221;]Mini quiches courgette, saumon et thym<br \/>\nMini quiches lorraines<br \/>\nMini quiches \u00e0 la courge<br \/>\nMini quiches poivrons et miel[\/vc_column_text][\/vc_tta_section][vc_tta_section title=&#8221;LES MINI WRAPS (CHF 2,30 pi\u00e8ce)&#8221; tab_id=&#8221;1742311394003-8168ec71-2738&#8243;][vc_column_text css=&#8221;&#8221;]Mini wraps \u00e0 l\u2019effiloch\u00e9e de porc, l\u00e9gumes croquants, sauce hoisin<br \/>\nMini wraps jambon cru, roquette et fromage frais au pesto[\/vc_column_text][\/vc_tta_section][\/vc_tta_accordion][\/vc_column][vc_column width=&#8221;1\/2&#8243;][vc_tta_accordion title_tag=&#8221;h3&#8243; section_title_tag=&#8221;h5&#8243; style=&#8221;modern&#8221; color=&#8221;green&#8221; active_section=&#8221;&#8221; collapsible_all=&#8221;true&#8221;][vc_tta_section title=&#8221;LES MINI BROCHETTES (CHF 2,60 pi\u00e8ce)&#8221; tab_id=&#8221;1742311145112-bf852af3-43eb&#8221;][vc_column_text css=&#8221;&#8221;]Mini brochettes gruy\u00e8re, lard sec et raisin<br \/>\nMini brochettes tomates, mozza, basilic<br \/>\nMini brochettes melon, jambon cru<br \/>\nMini brochettes courgette et billes de ch\u00e8vre<br \/>\nMini brochettes de poulet au zahtar, dip de labn\u00e9<br \/>\nMini brochettes poulet satay, sauce cacahu\u00e8tes<br \/>\nKefta agneau, sauce menthe<br \/>\nKefta boeuf, sauce marocaine[\/vc_column_text][\/vc_tta_section][vc_tta_section title=&#8221;LES VERRINES (CHF 2,60 pi\u00e8ce)&#8221; tab_id=&#8221;1742311145116-c0fdf1e9-ac61&#8243;][vc_column_text css=&#8221;&#8221;]<\/p>\n<div>Verrines cr\u00e8me de petits pois, mozza, wasabi<\/div>\n<div>Verrines cr\u00e8me de patates douces, canneberge et cracker<\/div>\n<div>Verrines tartare d\u2019algues et olives<\/div>\n<div>Verrines cr\u00e8me de carottes et noix St Jacques<\/div>\n<div>Verrines tiramisu parmesan sur tomates confites<\/div>\n<div>Verrines lentilles tahini et cumin<\/div>\n<div>Verrines quinoa et l\u00e9gumes de saison<br \/>\nVerrines de truite fum\u00e9e et dips de concombre<\/div>\n<div>Verrines trois tomates sur mascarpone au wasabi<\/div>\n<p>[\/vc_column_text][\/vc_tta_section][vc_tta_section title=&#8221;LES MINI CANAP\u00c9S (CHF 2,- pi\u00e8ce)&#8221; tab_id=&#8221;1742311218022-b95d7622-574b&#8221;][vc_column_text css=&#8221;&#8221;]Mini canap\u00e9s au saumon<br \/>\nMini canap\u00e9s aux crevettes<br \/>\nMini canap\u00e9s \u0153ufs\/mayo parfum\u00e9s \u00e0 la truffe<br \/>\nMini canap\u00e9s magret, ch\u00e8vre et pomme verte<br \/>\nMini canap\u00e9s concombre, formage frais et baies roses[\/vc_column_text][\/vc_tta_section][vc_tta_section title=&#8221;LES CUILL\u00c8RES (CHF 3.-\/pi\u00e8ce)&#8221; tab_id=&#8221;1742311246163-0e632c8a-dbe5&#8243;][vc_column_text css=&#8221;&#8221;]Tartare de thon, grenade et coriandre<br \/>\nTartare de b\u0153uf spicy<br \/>\nTartare de saumon et pomme verte[\/vc_column_text][\/vc_tta_section][vc_tta_section title=&#8221;DIVERS&#8221; tab_id=&#8221;1742311275186-af82bde3-955c&#8221;][vc_column_text css=&#8221;&#8221;]Mini p\u00e2t\u00e9s vaudois : Chf 2,60<br \/>\nMini d\u00e9lices \u00e0 la viande s\u00e9ch\u00e9e : Chf 3.-<br \/>\nTaill\u00e9s aux greubons : Chf 1.50<br \/>\nMini croustillants \u00e0 l\u2019Arty Show : Chf 2,60[\/vc_column_text][\/vc_tta_section][\/vc_tta_accordion][\/vc_column][\/vc_row][vc_row][vc_column width=&#8221;1\/4&#8243;][\/vc_column][vc_column width=&#8221;1\/2&#8243;][vc_empty_space][vc_column_text css=&#8221;&#8221;]<\/p>\n<h3 style=\"text-align: center;\"><strong>SP\u00c9CIALIT\u00c9S SUCR\u00c9ES (Chf 3.-\/pi\u00e8ce)<\/strong><\/h3>\n<p>[\/vc_column_text][vc_empty_space][vc_tta_accordion title_tag=&#8221;h3&#8243; section_title_tag=&#8221;h5&#8243; style=&#8221;modern&#8221; color=&#8221;green&#8221; active_section=&#8221;&#8221; collapsible_all=&#8221;true&#8221;][vc_tta_section title=&#8221;LES MINI TARTELETTES&#8221; tab_id=&#8221;1742311960868-7389aad7-67fa&#8221;][vc_column_text css=&#8221;&#8221;]Mini tartelettes au vin cuit<br \/>\nMini tartelettes aux myrtilles<br \/>\nMini tartelettes au citron<br \/>\nMini tartelettes aux noix<br \/>\nMini Paris Brest<br \/>\nMini tartelettes 100% choco<br \/>\nMini tartelettes pommes amandine[\/vc_column_text][\/vc_tta_section][vc_tta_section title=&#8221;LES MINI \u00c9CLAIRS&#8221; tab_id=&#8221;1742312051644-7d978f4f-6b84&#8243;][vc_column_text css=&#8221;&#8221;]Mini \u00e9clairs au chocolat<br \/>\nMini \u00e9clairs au\u00a0 caf\u00e9<br \/>\nMini \u00e9clairs \u00e0 la vanille<br \/>\nMini \u00e9clairs caramel de beurre sal\u00e9[\/vc_column_text][\/vc_tta_section][vc_tta_section title=&#8221;VERRINES&#8221; tab_id=&#8221;1742312050114-8c16221d-943b&#8221;][vc_column_text css=&#8221;&#8221;]Verrines Pannacotta choco-noisettes<br \/>\nVerrines Pannacotta, coulis de fruits rouges<br \/>\nVerrines mangue-passion<br \/>\nVerrines mousse au citron<br \/>\nVerrines mousse de framboise[\/vc_column_text][\/vc_tta_section][\/vc_tta_accordion][\/vc_column][vc_column width=&#8221;1\/4&#8243;][\/vc_column][\/vc_row][vc_row][vc_column][vc_empty_space][\/vc_column][\/vc_row][vc_row][vc_column width=&#8221;1\/3&#8243;][vc_single_image image=&#8221;2219&#8243; img_size=&#8221;full&#8221; alignment=&#8221;center&#8221; onclick=&#8221;link_image&#8221;][\/vc_column][vc_column width=&#8221;1\/3&#8243;][vc_single_image image=&#8221;2226&#8243; img_size=&#8221;full&#8221; alignment=&#8221;center&#8221; onclick=&#8221;link_image&#8221;][\/vc_column][vc_column width=&#8221;1\/3&#8243;][vc_single_image image=&#8221;2225&#8243; img_size=&#8221;full&#8221; alignment=&#8221;center&#8221; onclick=&#8221;link_image&#8221;][\/vc_column][\/vc_row][vc_row][vc_column][vc_empty_space][\/vc_column][\/vc_row][vc_row][vc_column][vc_empty_space][vc_column_text]<\/p>\n<p style=\"text-align: center;\"><strong>Les prix sont indiqu\u00e9s hors taxes.<\/strong><br \/>\n<strong>Fusion Traiteur rajoutera la TVA au taux de<br \/>\n<\/strong><strong>2,6% (sans service) ou 8.1% (avec service)<\/strong><\/p>\n<p>[\/vc_column_text][\/vc_column][\/vc_row][vc_row][vc_column][vc_empty_space][\/vc_column][\/vc_row]<\/p>\n<\/div>","protected":false},"excerpt":{"rendered":"<p>[vc_row][vc_column width=&#8221;1\/6&#8243;][\/vc_column][vc_column width=&#8221;2\/3&#8243;][vc_empty_space height=&#8221;50px&#8221;][vc_column_text css=&#8221;&#8221;] CR\u00c9EZ VOUS-M\u00caME VOTRE COCKTAIL ! [\/vc_column_text][vc_column_text css=&#8221;&#8221;] Conditions\u00a0: Minimum 20 pi\u00e8ces de chaque Minimum 150.- d\u2019achat Maximum 12 sortes diff\u00e9rentes [\/vc_column_text][vc_empty_space][vc_column_text css=&#8221;&#8221;] SP\u00c9CIALIT\u00c9S SAL\u00c9ES [\/vc_column_text][vc_empty_space][\/vc_column][vc_column width=&#8221;1\/6&#8243;][\/vc_column][\/vc_row][vc_row][vc_column width=&#8221;1\/2&#8243;][vc_tta_accordion title_tag=&#8221;h3&#8243; section_title_tag=&#8221;h5&#8243; style=&#8221;modern&#8221; color=&#8221;green&#8221; active_section=&#8221;&#8221; collapsible_all=&#8221;true&#8221; css=&#8221;.vc_custom_1742312705490{background-color: #FFFFFF !important;}&#8221;][vc_tta_section title=&#8221;LES MINI SANDWICHES (CHF 3.-\/pi\u00e8ce)&#8221; tab_id=&#8221;1742311393963-042e1c61-45b1&#8243;][vc_column_text css=&#8221;&#8221;]Mini sandwiches jambon de campagne, fromage frais Mini [&hellip;]<\/p>\n","protected":false},"author":2,"featured_media":0,"parent":0,"menu_order":0,"comment_status":"closed","ping_status":"open","template":"","meta":{"footnotes":""},"class_list":["post-2513","page","type-page","status-publish","hentry"],"_links":{"self":[{"href":"https:\/\/www.fusion-traiteur.ch\/new\/wp-json\/wp\/v2\/pages\/2513","targetHints":{"allow":["GET"]}}],"collection":[{"href":"https:\/\/www.fusion-traiteur.ch\/new\/wp-json\/wp\/v2\/pages"}],"about":[{"href":"https:\/\/www.fusion-traiteur.ch\/new\/wp-json\/wp\/v2\/types\/page"}],"author":[{"embeddable":true,"href":"https:\/\/www.fusion-traiteur.ch\/new\/wp-json\/wp\/v2\/users\/2"}],"replies":[{"embeddable":true,"href":"https:\/\/www.fusion-traiteur.ch\/new\/wp-json\/wp\/v2\/comments?post=2513"}],"version-history":[{"count":29,"href":"https:\/\/www.fusion-traiteur.ch\/new\/wp-json\/wp\/v2\/pages\/2513\/revisions"}],"predecessor-version":[{"id":2597,"href":"https:\/\/www.fusion-traiteur.ch\/new\/wp-json\/wp\/v2\/pages\/2513\/revisions\/2597"}],"wp:attachment":[{"href":"https:\/\/www.fusion-traiteur.ch\/new\/wp-json\/wp\/v2\/media?parent=2513"}],"curies":[{"name":"wp","href":"https:\/\/api.w.org\/{rel}","templated":true}]}}