{"id":1550,"date":"2012-10-05T16:22:01","date_gmt":"2012-10-05T14:22:01","guid":{"rendered":"http:\/\/www.fusion-traiteur.ch\/wp\/?page_id=37"},"modified":"2020-01-23T11:51:48","modified_gmt":"2020-01-23T10:51:48","slug":"buffet-terroir","status":"publish","type":"page","link":"https:\/\/www.fusion-traiteur.ch\/new\/buffet-terroir\/","title":{"rendered":"Buffet Terroir"},"content":{"rendered":"<div class=\"wpb-content-wrapper\"><p>[vc_row][vc_column width=&#8221;2\/3&#8243;][vc_column_text]<\/p>\n<h3 style=\"text-align: left;\"><strong>Les buffets sont propos\u00e9s pour des groupes de 20\u00a0\u00e0 50 personnes maximum<\/strong><\/h3>\n<p>[\/vc_column_text][vc_empty_space][vc_column_text]<\/p>\n<p style=\"text-align: center;\"><strong>Entr\u00e9es<\/strong><br \/>\nVelout\u00e9 de Courge et Ch\u00e2taigne (en saison)<br \/>\nTerrine de Foie de Volaille<br \/>\nTerrine de L\u00e9gumes<br \/>\nPlateau de Charcuteries assorties<br \/>\nSalade d\u2019Endives, Roquefort et\u00a0 Noix, sauce au bleu<br \/>\nSalade de Feuilles de Ch\u00eane, Lardons,<br \/>\nCro\u00fbtons et \u0152ufs de Caille.<br \/>\nSalade de Roquette et Tomates Cerise<br \/>\nVinaigrette Balsamique<\/p>\n<p style=\"text-align: center;\"><strong>Plat chaud<\/strong><br \/>\nR\u00f4ti de porc ou de veau, sauce aux cornes d&#8217;Abondance<br \/>\nPommes Duchesse ou Riz<\/p>\n<p style=\"text-align: center;\"><strong>Plateau de Fromages assortis<\/strong><\/p>\n<p style=\"text-align: center;\">Pains divers<\/p>\n<p style=\"text-align: center;\"><strong>Desserts \u00e0 choix :<br \/>\n<\/strong>(servis pour l&#8217;ensemble de la table)<br \/>\n<strong>verrine salade de fruits<\/strong><br \/>\n<strong>verrine panna cotta sur coulis de fruits rouge<\/strong><br \/>\n<strong>verrine mousse duo de choc<\/strong><\/p>\n<p style=\"text-align: center;\">45.- par pers. (de 20\u00a0\u00e0 29 pers.)<br \/>\n40.- par pers. (de 30 \u00e0 50 pers.)<\/p>\n<p>[\/vc_column_text][vc_empty_space][vc_column_text]<\/p>\n<p style=\"text-align: center;\"><strong>Les prix sont indiqu\u00e9s hors taxes.<\/strong><br \/>\n<strong>Fusion Traiteur rajoutera la TVA au taux de<br \/>\n<\/strong><strong>2,5% (sans service) ou 7,7% (avec service)<\/strong><\/p>\n<p>[\/vc_column_text][\/vc_column][vc_column width=&#8221;1\/3&#8243;][vc_empty_space height=&#8221;12px&#8221;][vc_single_image image=&#8221;1846&#8243; img_size=&#8221;full&#8221; css_animation=&#8221;appear&#8221;][vc_empty_space height=&#8221;12px&#8221;][\/vc_column][\/vc_row][vc_row][vc_column][vc_empty_space][\/vc_column][\/vc_row]<\/p>\n<\/div>","protected":false},"excerpt":{"rendered":"<p>[vc_row][vc_column width=&#8221;2\/3&#8243;][vc_column_text] Les buffets sont propos\u00e9s pour des groupes de 20\u00a0\u00e0 50 personnes maximum [\/vc_column_text][vc_empty_space][vc_column_text] Entr\u00e9es Velout\u00e9 de Courge et Ch\u00e2taigne (en saison) Terrine de Foie de Volaille Terrine de L\u00e9gumes Plateau de Charcuteries assorties Salade d\u2019Endives, Roquefort et\u00a0 Noix, sauce au bleu Salade de Feuilles de Ch\u00eane, Lardons, Cro\u00fbtons et \u0152ufs de Caille. Salade [&hellip;]<\/p>\n","protected":false},"author":2,"featured_media":0,"parent":0,"menu_order":58,"comment_status":"closed","ping_status":"closed","template":"","meta":{"footnotes":""},"class_list":["post-1550","page","type-page","status-publish","hentry"],"_links":{"self":[{"href":"https:\/\/www.fusion-traiteur.ch\/new\/wp-json\/wp\/v2\/pages\/1550","targetHints":{"allow":["GET"]}}],"collection":[{"href":"https:\/\/www.fusion-traiteur.ch\/new\/wp-json\/wp\/v2\/pages"}],"about":[{"href":"https:\/\/www.fusion-traiteur.ch\/new\/wp-json\/wp\/v2\/types\/page"}],"author":[{"embeddable":true,"href":"https:\/\/www.fusion-traiteur.ch\/new\/wp-json\/wp\/v2\/users\/2"}],"replies":[{"embeddable":true,"href":"https:\/\/www.fusion-traiteur.ch\/new\/wp-json\/wp\/v2\/comments?post=1550"}],"version-history":[{"count":7,"href":"https:\/\/www.fusion-traiteur.ch\/new\/wp-json\/wp\/v2\/pages\/1550\/revisions"}],"predecessor-version":[{"id":2172,"href":"https:\/\/www.fusion-traiteur.ch\/new\/wp-json\/wp\/v2\/pages\/1550\/revisions\/2172"}],"wp:attachment":[{"href":"https:\/\/www.fusion-traiteur.ch\/new\/wp-json\/wp\/v2\/media?parent=1550"}],"curies":[{"name":"wp","href":"https:\/\/api.w.org\/{rel}","templated":true}]}}