{"id":53,"date":"2012-10-05T16:26:18","date_gmt":"2012-10-05T14:26:18","guid":{"rendered":"http:\/\/www.fusion-traiteur.ch\/wp\/?page_id=53"},"modified":"2026-03-04T11:01:00","modified_gmt":"2026-03-04T10:01:00","slug":"marche-a-suivre","status":"publish","type":"page","link":"http:\/\/www.fusion-traiteur.ch\/new\/marche-a-suivre\/","title":{"rendered":"Conditions g\u00e9n\u00e9rales et marche \u00e0 suivre"},"content":{"rendered":"<div class=\"wpb-content-wrapper\"><p>[vc_row css=&#8221;.vc_custom_1549558545906{background-color: #f3ffe4 !important;}&#8221;][vc_column][vc_column_text]<\/p>\n<p style=\"text-align: center;\"><strong>Les prix que vous trouvez sur le site sont indiqu\u00e9s hors taxes.<\/strong><br \/>\n<strong>Fusion Traiteur rajoutera la TVA au taux de 8,1%<br \/>\nMerci !<\/strong><\/p>\n<p>[\/vc_column_text][vc_column_text css=&#8221;&#8221;]<\/p>\n<h3 style=\"text-align: left;\"><span style=\"color: #93c355;\"><strong>Les Cocktails<\/strong><\/span><\/h3>\n<p><strong><span style=\"color: #93c355;\">LA COMMANDE<\/span><\/strong><br \/>\n<span style=\"color: #000000;\">Pour un cocktail ap\u00e9ritif , il faut compter environ 8 \u00e0 10 pi\u00e8ces par pers.<\/span><br \/>\n<span style=\"color: #000000;\">Pour un cocktail d\u00eenatoire, environ 15 pi\u00e8ces.<\/span><br \/>\n<span style=\"color: #000000;\">Nombre minimum total de pi\u00e8ces \u00e0 la commande\u00a0: 150 pi\u00e8ces<\/span><br \/>\n<span style=\"color: #000000;\">Au minimum 20 pi\u00e8ces de chaque sorte.<\/span><br \/>\n<strong><span style=\"color: #93c355;\">PERSONNEL DE SERVICE<\/span><\/strong><br \/>\n<span style=\"color: #000000;\">L\u2019heure de\u00a0 service est\u00a0 factur\u00e9e\u00a0 Chf 35.- ht<\/span><br \/>\n<strong><span style=\"color: #93c355;\">LIVRAISON<\/span><\/strong><br \/>\n<span style=\"color: #000000;\">La livraison est factur\u00e9e en suppl\u00e9ment.<\/span><br \/>\n<span style=\"color: #000000;\">L\u2019ensemble du cocktail est amen\u00e9 environ 1 heure avant le d\u00e9but de la manifestation, puis mis en place sur place.<\/span><br \/>\n<span style=\"color: #000000;\">Les plats sont r\u00e9cup\u00e9r\u00e9s en accord avec le client.<\/span><br \/>\n<strong><span style=\"color: #93c355;\">MISE EN PLACE<\/span><\/strong><br \/>\n<span style=\"color: #000000;\">La mise en place des tables, nappes, serviettes, assiettes ou autres et \u00e0 la charge de l\u2019organisateur de la soir\u00e9e.<\/span><br \/>\n<strong><span style=\"color: #93c355;\">FACTURATION<\/span><\/strong><br \/>\n<span style=\"color: #000000;\">Tous les prix sont en francs suisse, hors taxe. Il sera rajout\u00e9 la TVA \u00e0 8,1%.<\/span><br \/>\n<span style=\"color: #000000;\">Le paiement est effectu\u00e9 comme suit\u00a0:<\/span><br \/>\n<span style=\"color: #000000;\">50% \u00e0 la commande : <\/span><span style=\"color: #000000;\">IBAN CH26 0021 5215 3047 7001 X<\/span><br \/>\n<span style=\"color: #000000;\">Le solde \u00e0 livraison de la commande.<\/span><\/p>\n<h3 style=\"text-align: left;\"><span style=\"color: #93c355;\"><strong>Les Buffets<\/strong><\/span><\/h3>\n<p><span style=\"color: #000000;\">Les buffets sont propos\u00e9s pour des groupes de 20 \u00e0 60 personnes maximum.<br \/>\nCependant, en choisissant une salle de banquet au Forum Emma\u00fcs, nous cuisinons pour vous jusqu&#8217;\u00e0 100 personnes.<\/span><br \/>\n<strong><span style=\"color: #93c355;\">LA COMMANDE<\/span><\/strong><br \/>\n<span style=\"color: #000000;\">Le choix du buffet est fix\u00e9 au minimum une semaine avant l\u2019\u00e9v\u00e9nement.<\/span><br \/>\n<strong><span style=\"color: #93c355;\">LA MISE EN PLACE<\/span><\/strong><br \/>\n<span style=\"color: #000000;\">L\u2019installation du buffet se fait dans les 2 heures qui pr\u00e9c\u00e9dent l\u2019\u00e9v\u00e9nement.<\/span><br \/>\n<span style=\"color: #000000;\">Nous nous chargeons de la mise en place et de la d\u00e9coration des tables du buffet.<\/span><br \/>\n<span style=\"color: #000000;\">Par contre, les tables, assiettes, couverts, serviettes ou autres sont fournis par vos soins.<\/span><br \/>\n<span style=\"color: #000000;\">Le mat\u00e9riel est r\u00e9cup\u00e9r\u00e9 le lendemain selon entente avec l\u2019organisateur de l\u2019\u00e9v\u00e9nemen<\/span>t.<br \/>\n<strong><span style=\"color: #93c355;\">LE PERSONNEL DE SERVICE<\/span><\/strong><br \/>\n<span style=\"color: #000000;\">Nous pouvons mettre \u00e0 votre disposition du personnel de service si vous le d\u00e9sirez.<\/span><br \/>\n<span style=\"color: #000000;\">L\u2019heure de service est factur\u00e9e Chf 35.- ht<\/span><br \/>\n<strong><span style=\"color: #93c355;\">LA FACTURATION<\/span><\/strong><br \/>\n<span style=\"color: #000000;\">Voir &#8220;cocktail&#8221;<\/span><\/p>\n<h3 style=\"text-align: left;\"><span style=\"color: #93c355;\"><strong>Les G\u00e2teaux d&#8217;anniversaire et Pi\u00e8ces mont\u00e9es<\/strong><\/span><\/h3>\n<p><strong><span style=\"color: #93c355;\">LA COMMANDE<\/span><\/strong><br \/>\n<span style=\"color: #000000;\">La commande de g\u00e2teaux est ind\u00e9pendante du reste :<\/span><br \/>\n<span style=\"color: #000000;\">Vous pouvez commander uniquement des g\u00e2teaux sans pour autant faire une demande de cocktail, menu ou autres.<\/span><br \/>\n<span style=\"color: #000000;\">Vous pouvez aussi commander des g\u00e2teaux en combinaison avec d\u2019autres choses.<\/span><br \/>\n<span style=\"color: #000000;\">La commande minimale est de Chf. 100.- ht<\/span><\/p>\n<p><strong><span style=\"color: #93c355;\">D\u00c9CORATION PERSONNALIS\u00c9E<\/span><\/strong><br \/>\n<span style=\"color: #000000;\">Si vous le d\u00e9sirez vous pouvez demander une d\u00e9coration personnalis\u00e9e de votre g\u00e2teau.<\/span><br \/>\n<strong><span style=\"color: #93c355;\">LA LIVRAISON<\/span><\/strong><br \/>\n<span style=\"color: #000000;\">La livraison sera effectu\u00e9e au plus tard 1 heure avant l\u2019\u00e9v\u00e9nement.<\/span><br \/>\n<strong><span style=\"color: #93c355;\">LA FACTURATION<\/span><\/strong><br \/>\n<span style=\"color: #000000;\">Voir &#8220;Les Cocktails&#8221; ci-dessus.<\/span><\/p>\n<h3 style=\"text-align: left;\"><span style=\"color: #810041;\"><strong><span style=\"color: #93c355;\">Provenance des viandes<\/span><br \/>\n<\/strong><\/span><\/h3>\n<p><span style=\"color: #000000;\">Porc\u00a0: Suisse<\/span><br \/>\n<span style=\"color: #000000;\">Veau\u00a0: Suisse<\/span><br \/>\n<span style=\"color: #000000;\">Agneau\u00a0: Nouvelle Z\u00e9lande ou Australie<\/span><br \/>\n<span style=\"color: #000000;\">Poulet\u00a0: Suisse ou Allemagne<\/span><\/p>\n<h3 style=\"text-align: left;\"><span style=\"color: #810041;\"><strong><span style=\"color: #93c355;\">Horaires<\/span><br \/>\n<\/strong><\/span><\/h3>\n<p><span style=\"color: #000000;\">Du lundi au samedi, dimanche ferm\u00e9.<\/span><\/p>\n<h3 style=\"text-align: left;\"><span style=\"color: #810041;\"><strong><span style=\"color: #93c355;\">Certifications<\/span><\/strong><\/span><\/h3>\n<p>[\/vc_column_text][vc_empty_space][vc_row_inner][vc_column_inner width=&#8221;1\/2&#8243;][vc_single_image image=&#8221;376&#8243; img_size=&#8221;medium&#8221; alignment=&#8221;center&#8221; onclick=&#8221;link_image&#8221; css_animation=&#8221;none&#8221;][\/vc_column_inner][vc_column_inner width=&#8221;1\/2&#8243;][vc_single_image image=&#8221;2485&#8243; img_size=&#8221;medium&#8221; alignment=&#8221;center&#8221; onclick=&#8221;link_image&#8221; css_animation=&#8221;none&#8221;][\/vc_column_inner][\/vc_row_inner][vc_empty_space][\/vc_column][\/vc_row][vc_row][vc_column][vc_empty_space][\/vc_column][\/vc_row]<\/p>\n<\/div>","protected":false},"excerpt":{"rendered":"<p>[vc_row css=&#8221;.vc_custom_1549558545906{background-color: #f3ffe4 !important;}&#8221;][vc_column][vc_column_text] Les prix que vous trouvez sur le site sont indiqu\u00e9s hors taxes. Fusion Traiteur rajoutera la TVA au taux de 8,1% Merci ! [\/vc_column_text][vc_column_text css=&#8221;&#8221;] Les Cocktails LA COMMANDE Pour un cocktail ap\u00e9ritif , il faut compter environ 8 \u00e0 10 pi\u00e8ces par pers. Pour un cocktail d\u00eenatoire, environ 15 pi\u00e8ces. [&hellip;]<\/p>\n","protected":false},"author":2,"featured_media":0,"parent":0,"menu_order":96,"comment_status":"closed","ping_status":"open","template":"","meta":{"footnotes":""},"class_list":["post-53","page","type-page","status-publish","hentry"],"_links":{"self":[{"href":"http:\/\/www.fusion-traiteur.ch\/new\/wp-json\/wp\/v2\/pages\/53","targetHints":{"allow":["GET"]}}],"collection":[{"href":"http:\/\/www.fusion-traiteur.ch\/new\/wp-json\/wp\/v2\/pages"}],"about":[{"href":"http:\/\/www.fusion-traiteur.ch\/new\/wp-json\/wp\/v2\/types\/page"}],"author":[{"embeddable":true,"href":"http:\/\/www.fusion-traiteur.ch\/new\/wp-json\/wp\/v2\/users\/2"}],"replies":[{"embeddable":true,"href":"http:\/\/www.fusion-traiteur.ch\/new\/wp-json\/wp\/v2\/comments?post=53"}],"version-history":[{"count":22,"href":"http:\/\/www.fusion-traiteur.ch\/new\/wp-json\/wp\/v2\/pages\/53\/revisions"}],"predecessor-version":[{"id":2605,"href":"http:\/\/www.fusion-traiteur.ch\/new\/wp-json\/wp\/v2\/pages\/53\/revisions\/2605"}],"wp:attachment":[{"href":"http:\/\/www.fusion-traiteur.ch\/new\/wp-json\/wp\/v2\/media?parent=53"}],"curies":[{"name":"wp","href":"https:\/\/api.w.org\/{rel}","templated":true}]}}