{"id":2429,"date":"2024-02-16T15:01:02","date_gmt":"2024-02-16T14:01:02","guid":{"rendered":"https:\/\/www.fusion-traiteur.ch\/new\/?page_id=2429"},"modified":"2026-03-05T13:14:01","modified_gmt":"2026-03-05T12:14:01","slug":"nos-specialites-a-partager","status":"publish","type":"page","link":"http:\/\/www.fusion-traiteur.ch\/new\/nos-specialites-a-partager\/","title":{"rendered":"Nos sp\u00e9cialit\u00e9s \u00e0 partager"},"content":{"rendered":"<div class=\"wpb-content-wrapper\"><p>[vc_row][vc_column width=&#8221;2\/3&#8243;][vc_column_text css=&#8221;&#8221;]<\/p>\n<h3>Couronnes, pains surprises, focaccia, feuilletage, dips de l\u00e9gumes, etc &#8230;<\/h3>\n<p>[\/vc_column_text][vc_column_text]\n<table id=\"tablepress-14\" class=\"tablepress tablepress-id-14\">\n<tbody class=\"row-hover\">\n<tr class=\"row-1\">\n\t<td class=\"column-1\">Couronne de pains assortis avec charcuterie<\/td><td class=\"column-2\"><\/td><td class=\"column-3\">7.-\/pp<\/td><td class=\"column-4\">pour 10 personnes<\/td>\n<\/tr>\n<tr class=\"row-2\">\n\t<td class=\"column-1\">Couronne de pains assortis avec fromages<\/td><td class=\"column-2\"><img decoding=\"async\" class=\"alignnone wp-image-2353 size-full\" src=\"http:\/\/www.fusion-traiteur.ch\/new\/wp-content\/uploads\/2023\/02\/leaf4.png\" alt=\"\" width=\"15\" height=\"17\" \/><\/td><td class=\"column-3\">7.-\/pp<\/td><td class=\"column-4\">pour 10 personnes<\/td>\n<\/tr>\n<tr class=\"row-3\">\n\t<td class=\"column-1\">Couronne de pain avec mozzarella, tomate, salami, olives et romarin<\/td><td class=\"column-2\"><\/td><td class=\"column-3\">7.-\/pp<\/td><td class=\"column-4\">pour 10 personnes<\/td>\n<\/tr>\n<tr class=\"row-4\">\n\t<td class=\"column-1\"><\/td><td class=\"column-2\"><\/td><td class=\"column-3\"><\/td><td class=\"column-4\"><\/td>\n<\/tr>\n<tr class=\"row-5\">\n\t<td class=\"column-1\"><strong>Les focaccia \u00e0 tartiner<\/strong><\/td><td class=\"column-2\"><\/td><td class=\"column-3\"><\/td><td class=\"column-4\"><\/td>\n<\/tr>\n<tr class=\"row-6\">\n\t<td class=\"column-1\">Tapenade d'olives vertes<\/td><td class=\"column-2\"><img decoding=\"async\" class=\"alignnone wp-image-2353 size-full\" src=\"http:\/\/www.fusion-traiteur.ch\/new\/wp-content\/uploads\/2023\/02\/leaf4.png\" alt=\"\" width=\"15\" height=\"17\" \/><\/td><td class=\"column-3\">15.-<\/td><td class=\"column-4\">les 100g<\/td>\n<\/tr>\n<tr class=\"row-7\">\n\t<td class=\"column-1\">Tapenade d'olives noires<\/td><td class=\"column-2\"><img decoding=\"async\" class=\"alignnone wp-image-2353 size-full\" src=\"http:\/\/www.fusion-traiteur.ch\/new\/wp-content\/uploads\/2023\/02\/leaf4.png\" alt=\"\" width=\"15\" height=\"17\" \/><\/td><td class=\"column-3\">15.-<\/td><td class=\"column-4\">les 100g<\/td>\n<\/tr>\n<tr class=\"row-8\">\n\t<td class=\"column-1\">Tapenade aux tomates s\u00e9ch\u00e9es<\/td><td class=\"column-2\"><img decoding=\"async\" class=\"alignnone wp-image-2353 size-full\" src=\"http:\/\/www.fusion-traiteur.ch\/new\/wp-content\/uploads\/2023\/02\/leaf4.png\" alt=\"\" width=\"15\" height=\"17\" \/><\/td><td class=\"column-3\">15.-<\/td><td class=\"column-4\">les 100g<\/td>\n<\/tr>\n<tr class=\"row-9\">\n\t<td class=\"column-1\"><\/td><td class=\"column-2\"><\/td><td class=\"column-3\"><\/td><td class=\"column-4\"><\/td>\n<\/tr>\n<tr class=\"row-10\">\n\t<td class=\"column-1\">Pain surprise <strong>Tradition<\/strong> :<br \/>\nviande s\u00e9ch\u00e9e, gruy\u00e8re, terrine de campagne, salami, fromage frais (ail et fines herbes)<\/td><td class=\"column-2\"><\/td><td class=\"column-3\">80.-<\/td><td class=\"column-4\">40x mini-sandwiches<\/td>\n<\/tr>\n<tr class=\"row-11\">\n\t<td class=\"column-1\">Pain surprise <strong>Luxe<\/strong> :<br \/>\nfoie gras, jambon cru, saumon fum\u00e9, mousse de tomates s\u00e9ch\u00e9es, poulet curry<\/td><td class=\"column-2\"><\/td><td class=\"column-3\">85.-<\/td><td class=\"column-4\">40x mini-sandwiches<\/td>\n<\/tr>\n<tr class=\"row-12\">\n\t<td class=\"column-1\"><\/td><td class=\"column-2\"><\/td><td class=\"column-3\"><\/td><td class=\"column-4\"><\/td>\n<\/tr>\n<tr class=\"row-13\">\n\t<td class=\"column-1\">Feuillet\u00e9s au fromage<\/td><td class=\"column-2\"><img decoding=\"async\" class=\"alignnone wp-image-2353 size-full\" src=\"http:\/\/www.fusion-traiteur.ch\/new\/wp-content\/uploads\/2023\/02\/leaf4.png\" alt=\"\" width=\"15\" height=\"17\" \/><\/td><td class=\"column-3\">7.50<\/td><td class=\"column-4\">les 100g<\/td>\n<\/tr>\n<tr class=\"row-14\">\n\t<td class=\"column-1\">Feuillet\u00e9s au cumin<\/td><td class=\"column-2\"><img decoding=\"async\" class=\"alignnone wp-image-2353 size-full\" src=\"http:\/\/www.fusion-traiteur.ch\/new\/wp-content\/uploads\/2023\/02\/leaf4.png\" alt=\"\" width=\"15\" height=\"17\" \/><\/td><td class=\"column-3\">7.50<\/td><td class=\"column-4\">les 100g<\/td>\n<\/tr>\n<tr class=\"row-15\">\n\t<td class=\"column-1\">Feuillet\u00e9s au pavot<\/td><td class=\"column-2\"><img decoding=\"async\" class=\"alignnone wp-image-2353 size-full\" src=\"http:\/\/www.fusion-traiteur.ch\/new\/wp-content\/uploads\/2023\/02\/leaf4.png\" alt=\"\" width=\"15\" height=\"17\" \/><\/td><td class=\"column-3\">7.50<\/td><td class=\"column-4\">les 100g<\/td>\n<\/tr>\n<tr class=\"row-16\">\n\t<td class=\"column-1\">Taill\u00e9s aux greubons<\/td><td class=\"column-2\"><\/td><td class=\"column-3\">1.50<\/td><td class=\"column-4\">pce<\/td>\n<\/tr>\n<tr class=\"row-17\">\n\t<td class=\"column-1\"><\/td><td class=\"column-2\"><\/td><td class=\"column-3\"><\/td><td class=\"column-4\"><\/td>\n<\/tr>\n<tr class=\"row-18\">\n\t<td class=\"column-1\"><\/td><td class=\"column-2\"><\/td><td class=\"column-3\"><\/td><td class=\"column-4\"><\/td>\n<\/tr>\n<tr class=\"row-19\">\n\t<td class=\"column-1\">Plateau dips de l\u00e9gumes et sauce cocktail (avec houmous : suppl\u00e9ment 5.-)<\/td><td class=\"column-2\"><img decoding=\"async\" class=\"alignnone wp-image-2353 size-full\" src=\"http:\/\/www.fusion-traiteur.ch\/new\/wp-content\/uploads\/2023\/02\/leaf4.png\" alt=\"\" width=\"15\" height=\"17\" \/><\/td><td class=\"column-3\">45.-<\/td><td class=\"column-4\">le plateau<\/td>\n<\/tr>\n<tr class=\"row-20\">\n\t<td class=\"column-1\">Plateau de fruits frais coup\u00e9s (de saison)<\/td><td class=\"column-2\"><img decoding=\"async\" class=\"alignnone wp-image-2353 size-full\" src=\"http:\/\/www.fusion-traiteur.ch\/new\/wp-content\/uploads\/2023\/02\/leaf4.png\" alt=\"\" width=\"15\" height=\"17\" \/><\/td><td class=\"column-3\">45.-<\/td><td class=\"column-4\">le plateau<\/td>\n<\/tr>\n<tr class=\"row-21\">\n\t<td class=\"column-1\"><\/td><td class=\"column-2\"><\/td><td class=\"column-3\"><\/td><td class=\"column-4\"><\/td>\n<\/tr>\n<tr class=\"row-22\">\n\t<td class=\"column-1\"><strong><a href=\"http:\/\/www.fusion-traiteur.ch\/new\/formules\/\">D\u00e9couvrez nos formules en cliquant ici !<\/a><\/strong><\/td><td class=\"column-2\"><\/td><td class=\"column-3\"><\/td><td class=\"column-4\"><\/td>\n<\/tr>\n<\/tbody>\n<\/table>\n<!-- #tablepress-14 from cache -->[\/vc_column_text][\/vc_column][vc_column width=&#8221;1\/3&#8243;][vc_column_text]<\/p>\n<p style=\"text-align: right;\"><strong>v\u00e9g\u00e9tarien<\/strong> :<img decoding=\"async\" class=\"size-full wp-image-2353 alignright\" src=\"http:\/\/www.fusion-traiteur.ch\/new\/wp-content\/uploads\/2023\/02\/leaf4.png\" alt=\"\" width=\"15\" height=\"17\" \/><\/p>\n<p>[\/vc_column_text][vc_empty_space height=&#8221;15px&#8221;][vc_row_inner][vc_column_inner width=&#8221;1\/2&#8243;][vc_single_image image=&#8221;2608&#8243; img_size=&#8221;full&#8221; alignment=&#8221;right&#8221; onclick=&#8221;link_image&#8221; css_animation=&#8221;none&#8221; css=&#8221;&#8221;][\/vc_column_inner][vc_column_inner width=&#8221;1\/2&#8243;][vc_single_image image=&#8221;2451&#8243; img_size=&#8221;full&#8221; alignment=&#8221;right&#8221; onclick=&#8221;link_image&#8221; css_animation=&#8221;none&#8221; css=&#8221;&#8221;][\/vc_column_inner][\/vc_row_inner][vc_empty_space height=&#8221;15px&#8221;][vc_row_inner][vc_column_inner width=&#8221;1\/2&#8243;][vc_single_image image=&#8221;2377&#8243; img_size=&#8221;full&#8221; onclick=&#8221;link_image&#8221; css_animation=&#8221;none&#8221;][\/vc_column_inner][vc_column_inner width=&#8221;1\/2&#8243;][vc_single_image image=&#8221;2301&#8243; img_size=&#8221;full&#8221; alignment=&#8221;right&#8221; onclick=&#8221;link_image&#8221; css_animation=&#8221;none&#8221; css=&#8221;&#8221;][\/vc_column_inner][\/vc_row_inner][vc_empty_space height=&#8221;15px&#8221;][vc_row_inner][vc_column_inner width=&#8221;1\/2&#8243;][vc_single_image image=&#8221;1914&#8243; img_size=&#8221;full&#8221; alignment=&#8221;right&#8221; onclick=&#8221;link_image&#8221; css_animation=&#8221;none&#8221; css=&#8221;&#8221;][\/vc_column_inner][vc_column_inner width=&#8221;1\/2&#8243;][vc_single_image image=&#8221;2455&#8243; img_size=&#8221;full&#8221; alignment=&#8221;right&#8221; onclick=&#8221;link_image&#8221; css_animation=&#8221;none&#8221; css=&#8221;&#8221;][\/vc_column_inner][\/vc_row_inner][vc_empty_space height=&#8221;15px&#8221;][vc_row_inner][vc_column_inner width=&#8221;1\/2&#8243;][vc_single_image image=&#8221;2456&#8243; img_size=&#8221;full&#8221; onclick=&#8221;link_image&#8221; css_animation=&#8221;none&#8221; css=&#8221;&#8221;][\/vc_column_inner][vc_column_inner width=&#8221;1\/2&#8243;][vc_single_image image=&#8221;2457&#8243; img_size=&#8221;full&#8221; alignment=&#8221;right&#8221; onclick=&#8221;link_image&#8221; css_animation=&#8221;none&#8221; css=&#8221;&#8221;][\/vc_column_inner][\/vc_row_inner][vc_empty_space height=&#8221;15px&#8221;][vc_row_inner][vc_column_inner width=&#8221;1\/2&#8243;][vc_single_image image=&#8221;2450&#8243; img_size=&#8221;full&#8221; onclick=&#8221;link_image&#8221; css_animation=&#8221;none&#8221; css=&#8221;&#8221;][\/vc_column_inner][vc_column_inner width=&#8221;1\/2&#8243;][\/vc_column_inner][\/vc_row_inner][vc_empty_space height=&#8221;15px&#8221;][\/vc_column][\/vc_row][vc_row][vc_column][vc_empty_space height=&#8221;20px&#8221;][vc_column_text]<\/p>\n<p style=\"text-align: center;\"><strong>Les prix sont indiqu\u00e9s hors taxes.<\/strong><br \/>\n<strong>Fusion Traiteur rajoutera la TVA au taux de<br \/>\n<\/strong><strong>2,6% (sans service) ou 8,1% (avec service)<\/strong><\/p>\n<p>[\/vc_column_text][\/vc_column][\/vc_row][vc_row][vc_column][vc_empty_space][\/vc_column][\/vc_row]<\/p>\n<\/div>","protected":false},"excerpt":{"rendered":"<p>[vc_row][vc_column width=&#8221;2\/3&#8243;][vc_column_text css=&#8221;&#8221;] Couronnes, pains surprises, focaccia, feuilletage, dips de l\u00e9gumes, etc &#8230; [\/vc_column_text][vc_column_text][\/vc_column_text][\/vc_column][vc_column width=&#8221;1\/3&#8243;][vc_column_text] v\u00e9g\u00e9tarien : [\/vc_column_text][vc_empty_space height=&#8221;15px&#8221;][vc_row_inner][vc_column_inner width=&#8221;1\/2&#8243;][vc_single_image image=&#8221;2608&#8243; img_size=&#8221;full&#8221; alignment=&#8221;right&#8221; onclick=&#8221;link_image&#8221; css_animation=&#8221;none&#8221; css=&#8221;&#8221;][\/vc_column_inner][vc_column_inner width=&#8221;1\/2&#8243;][vc_single_image image=&#8221;2451&#8243; img_size=&#8221;full&#8221; alignment=&#8221;right&#8221; onclick=&#8221;link_image&#8221; css_animation=&#8221;none&#8221; css=&#8221;&#8221;][\/vc_column_inner][\/vc_row_inner][vc_empty_space height=&#8221;15px&#8221;][vc_row_inner][vc_column_inner width=&#8221;1\/2&#8243;][vc_single_image image=&#8221;2377&#8243; img_size=&#8221;full&#8221; onclick=&#8221;link_image&#8221; css_animation=&#8221;none&#8221;][\/vc_column_inner][vc_column_inner width=&#8221;1\/2&#8243;][vc_single_image image=&#8221;2301&#8243; img_size=&#8221;full&#8221; alignment=&#8221;right&#8221; onclick=&#8221;link_image&#8221; css_animation=&#8221;none&#8221; css=&#8221;&#8221;][\/vc_column_inner][\/vc_row_inner][vc_empty_space height=&#8221;15px&#8221;][vc_row_inner][vc_column_inner width=&#8221;1\/2&#8243;][vc_single_image image=&#8221;1914&#8243; img_size=&#8221;full&#8221; alignment=&#8221;right&#8221; onclick=&#8221;link_image&#8221; css_animation=&#8221;none&#8221; css=&#8221;&#8221;][\/vc_column_inner][vc_column_inner width=&#8221;1\/2&#8243;][vc_single_image [&hellip;]<\/p>\n","protected":false},"author":2,"featured_media":0,"parent":0,"menu_order":39,"comment_status":"closed","ping_status":"open","template":"","meta":{"footnotes":""},"class_list":["post-2429","page","type-page","status-publish","hentry"],"_links":{"self":[{"href":"http:\/\/www.fusion-traiteur.ch\/new\/wp-json\/wp\/v2\/pages\/2429","targetHints":{"allow":["GET"]}}],"collection":[{"href":"http:\/\/www.fusion-traiteur.ch\/new\/wp-json\/wp\/v2\/pages"}],"about":[{"href":"http:\/\/www.fusion-traiteur.ch\/new\/wp-json\/wp\/v2\/types\/page"}],"author":[{"embeddable":true,"href":"http:\/\/www.fusion-traiteur.ch\/new\/wp-json\/wp\/v2\/users\/2"}],"replies":[{"embeddable":true,"href":"http:\/\/www.fusion-traiteur.ch\/new\/wp-json\/wp\/v2\/comments?post=2429"}],"version-history":[{"count":15,"href":"http:\/\/www.fusion-traiteur.ch\/new\/wp-json\/wp\/v2\/pages\/2429\/revisions"}],"predecessor-version":[{"id":2611,"href":"http:\/\/www.fusion-traiteur.ch\/new\/wp-json\/wp\/v2\/pages\/2429\/revisions\/2611"}],"wp:attachment":[{"href":"http:\/\/www.fusion-traiteur.ch\/new\/wp-json\/wp\/v2\/media?parent=2429"}],"curies":[{"name":"wp","href":"https:\/\/api.w.org\/{rel}","templated":true}]}}